{"id":1088,"date":"2022-04-24T10:31:44","date_gmt":"2022-04-24T10:31:44","guid":{"rendered":"https:\/\/sobreaves.com\/?page_id=1088"},"modified":"2025-01-22T13:40:14","modified_gmt":"2025-01-22T13:40:14","slug":"los-sentidos-de-las-aves-y-sus-organos","status":"publish","type":"page","link":"https:\/\/sobreaves.com\/?page_id=1088","title":{"rendered":"Los sentidos de las aves y sus \u00f3rganos"},"content":{"rendered":"<p style=\"text-align: justify;\">\u00a0 \u00a0Por medio de los sentidos, las aves captan la informaci\u00f3n del entorno necesaria para la supervivencia tanto del individuo como de la especie.<\/p>\n<figure id=\"attachment_1092\" aria-describedby=\"caption-attachment-1092\" style=\"width: 300px\" class=\"wp-caption alignleft\"><a href=\"https:\/\/sobreaves.com\/wp-content\/uploads\/2022\/04\/cormoran1ma12.jpg\"><img loading=\"lazy\" decoding=\"async\" class=\"wp-image-1092 size-medium\" src=\"https:\/\/sobreaves.com\/wp-content\/uploads\/2022\/04\/cormoran1ma12-300x213.jpg\" alt=\"\" width=\"300\" height=\"213\" srcset=\"https:\/\/sobreaves.com\/wp-content\/uploads\/2022\/04\/cormoran1ma12-300x213.jpg 300w, https:\/\/sobreaves.com\/wp-content\/uploads\/2022\/04\/cormoran1ma12-1024x727.jpg 1024w, https:\/\/sobreaves.com\/wp-content\/uploads\/2022\/04\/cormoran1ma12-768x545.jpg 768w, https:\/\/sobreaves.com\/wp-content\/uploads\/2022\/04\/cormoran1ma12.jpg 1200w\" sizes=\"auto, (max-width: 300px) 100vw, 300px\" \/><\/a><figcaption id=\"caption-attachment-1092\" class=\"wp-caption-text\"><span style=\"color: #ff0000;\">Cormor\u00e1n grande<\/span>\/<span style=\"color: #3366ff;\">Great Cormor\u00e1n\u00a0<\/span> \u00a0 \u00a0 \u00a0 \u00a0 \u00a0 \u00a0 \u00a0 \u00a0 \u00a0 \u00a0 \u00a0 \u00a0 \u00a0 \u00a0 \u00a0 \u00a0 <strong><em>Phalacrocorax carbo<\/em><\/strong><\/figcaption><\/figure>\n<p style=\"text-align: justify;\">\u00a0 \u00a0Los sentidos les permiten localizar alimento, competidores<span style=\"color: #000000;\">, depredadores, sortear obst\u00e1culos en vuelo, etc. Tienen adem\u00e1s, un papel destacado en la reproducci\u00f3n, desde la elecci\u00f3n de pareja hasta el cuidado de sus cr\u00edas. <\/span><span style=\"color: #000000;\">En la siguiente imagen podemos apreciar la importancia de la vista para manejar el pico con precisi\u00f3n.<\/span><\/p>\n<figure id=\"attachment_1093\" aria-describedby=\"caption-attachment-1093\" style=\"width: 300px\" class=\"wp-caption aligncenter\"><a href=\"https:\/\/sobreaves.com\/wp-content\/uploads\/2022\/04\/pollocharrancito12ma.jpg\"><img loading=\"lazy\" decoding=\"async\" class=\"size-medium wp-image-1093\" src=\"https:\/\/sobreaves.com\/wp-content\/uploads\/2022\/04\/pollocharrancito12ma-300x218.jpg\" alt=\"\" width=\"300\" height=\"218\" srcset=\"https:\/\/sobreaves.com\/wp-content\/uploads\/2022\/04\/pollocharrancito12ma-300x218.jpg 300w, https:\/\/sobreaves.com\/wp-content\/uploads\/2022\/04\/pollocharrancito12ma-1024x745.jpg 1024w, https:\/\/sobreaves.com\/wp-content\/uploads\/2022\/04\/pollocharrancito12ma-768x559.jpg 768w, https:\/\/sobreaves.com\/wp-content\/uploads\/2022\/04\/pollocharrancito12ma.jpg 1200w\" sizes=\"auto, (max-width: 300px) 100vw, 300px\" \/><\/a><figcaption id=\"caption-attachment-1093\" class=\"wp-caption-text\"><span style=\"color: #ff0000;\">Charrancito com\u00fan<\/span>\/<span style=\"color: #3366ff;\">Little Tern<\/span><br \/><em><strong>Sternula albifrons<\/strong><\/em><\/figcaption><\/figure>\n<p style=\"text-align: justify;\">\u00a0 \u00a0Las c\u00e9lulas receptoras captan la informaci\u00f3n por medio de est\u00edmulos, estos se transforman en impulsos nerviosos que viajan al cerebro donde la informaci\u00f3n se hace consciente. Los est\u00edmulos pueden ser luminosos, mec\u00e1nicos, qu\u00edmicos o t\u00e9rmicos.<\/p>\n<p style=\"text-align: justify;\">\u00a0 \u00a0En el caso de la <a href=\"https:\/\/sobreaves.com\/?page_id=1145\">vista<\/a>, o\u00eddo y olfato, los receptores se concentran en los \u00f3rganos de los sentidos y la informaci\u00f3n que captan puede proceder de lugares alejados. En cuanto al tacto y al gusto, los receptores se encuentran dispersos y para captar los est\u00edmulos, es necesario que entren en contacto con el animal.<\/p>\n<figure id=\"attachment_1099\" aria-describedby=\"caption-attachment-1099\" style=\"width: 300px\" class=\"wp-caption alignright\"><a href=\"https:\/\/sobreaves.com\/wp-content\/uploads\/2022\/04\/correlimos1ma12.jpg\"><img loading=\"lazy\" decoding=\"async\" class=\"size-medium wp-image-1099\" src=\"https:\/\/sobreaves.com\/wp-content\/uploads\/2022\/04\/correlimos1ma12-300x230.jpg\" alt=\"\" width=\"300\" height=\"230\" srcset=\"https:\/\/sobreaves.com\/wp-content\/uploads\/2022\/04\/correlimos1ma12-300x230.jpg 300w, https:\/\/sobreaves.com\/wp-content\/uploads\/2022\/04\/correlimos1ma12-1024x786.jpg 1024w, https:\/\/sobreaves.com\/wp-content\/uploads\/2022\/04\/correlimos1ma12-768x589.jpg 768w, https:\/\/sobreaves.com\/wp-content\/uploads\/2022\/04\/correlimos1ma12.jpg 1200w\" sizes=\"auto, (max-width: 300px) 100vw, 300px\" \/><\/a><figcaption id=\"caption-attachment-1099\" class=\"wp-caption-text\"><span style=\"color: #ff0000;\">Correlimos com\u00fan<\/span>\/<span style=\"color: #3366ff;\">Dunlin<\/span><br \/><strong><em>Calidris alpina<\/em><\/strong><\/figcaption><\/figure>\n<p style=\"text-align: justify;\">\u00a0 \u00a0El sentido m\u00e1s utilizado por la mayor\u00eda de las especies es la vista, pero cuando realizan un determinado trabajo pueden usar m\u00e1s de un sentido a la vez. Es el caso de\u00a0 lim\u00edcolas, como el correlimos de la fotograf\u00eda, que busca el alimento introduciendo su pico, muy sensible al tacto, en el barro, pero tambi\u00e9n emplea la vista y el gusto.<\/p>\n<p style=\"text-align: justify;\">\u00a0 \u00a0Para conocer el mundo sensorial de las aves, los cient\u00edficos se valen de diferentes m\u00e9todos ya que no pueden percibir el entorno como ellas. Ejemplos\u00a0 estos m\u00e9todos son los siguientes:<\/p>\n<ul style=\"list-style-type: disc;\">\n<li>Observar el comportamiento de las aves en la naturaleza.<\/li>\n<li>\n<figure id=\"attachment_1103\" aria-describedby=\"caption-attachment-1103\" style=\"width: 300px\" class=\"wp-caption alignright\"><a href=\"https:\/\/sobreaves.com\/wp-content\/uploads\/2022\/04\/lechuza7ma.jpg\"><img loading=\"lazy\" decoding=\"async\" class=\"size-medium wp-image-1103\" src=\"https:\/\/sobreaves.com\/wp-content\/uploads\/2022\/04\/lechuza7ma-300x183.jpg\" alt=\"\" width=\"300\" height=\"183\" srcset=\"https:\/\/sobreaves.com\/wp-content\/uploads\/2022\/04\/lechuza7ma-300x183.jpg 300w, https:\/\/sobreaves.com\/wp-content\/uploads\/2022\/04\/lechuza7ma-768x468.jpg 768w, https:\/\/sobreaves.com\/wp-content\/uploads\/2022\/04\/lechuza7ma.jpg 786w\" sizes=\"auto, (max-width: 300px) 100vw, 300px\" \/><\/a><figcaption id=\"caption-attachment-1103\" class=\"wp-caption-text\"><span style=\"color: #ff0000;\">Lechuza com\u00fan<\/span>\/<span style=\"color: #3366ff;\">Barn Owl<\/span><br \/><strong><em>Tyto alba<\/em><\/strong><\/figcaption><\/figure>\n<p style=\"text-align: justify;\">Realizar experimentos de comportamiento como utilizar trucos (es el caso del experimento realizado por Roger Payne que puso una lechuza com\u00fan en una habitaci\u00f3n a oscuras e hizo pasar un rat\u00f3n sobre un suelo insonorizado, de gomaespuma, al que le hab\u00eda atado una hoja seca a la cola, la lechuza se abalanz\u00f3 sobre la hoja y no sobre el rat\u00f3n, demostrando que hab\u00eda utilizado el o\u00eddo para cazar y no visi\u00f3n infrarroja como cre\u00edan algunos ornit\u00f3logos). Otros ejemplos ser\u00edan medir la actividad respiratoria, card\u00edaca o cerebral mientras se expone al ave a un est\u00edmulo como un olor o un sonido; someter al ave a diferentes intensidades de un est\u00edmulo; etc.<\/p>\n<\/li>\n<li>\n<p style=\"text-align: justify;\">\u00a0Estudios anat\u00f3micos para conocer las estructuras implicadas. Estos se pueden realizar mediante disecci\u00f3n o con la observaci\u00f3n de im\u00e1genes tridimensionales obtenidas por tomograf\u00eda axial computarizada (TAC).<\/p>\n<\/li>\n<li>Estudios citol\u00f3gicos e histol\u00f3gicos.<\/li>\n<li style=\"text-align: justify;\">Estudios bioqu\u00edmicos como la identificaci\u00f3n de genes; conocer el gasto metab\u00f3lico que en el caso de los sentidos es alto, sobre todo el de la vista; etc.<\/li>\n<\/ul>\n<p>&nbsp;<\/p>\n","protected":false},"excerpt":{"rendered":"<p>\u00a0 \u00a0Por medio de los sentidos, las aves captan la informaci\u00f3n del entorno necesaria para la supervivencia tanto del individuo como de la especie. \u00a0 \u00a0Los sentidos les permiten localizar alimento, competidores, depredadores, sortear obst\u00e1culos en vuelo, etc. Tienen adem\u00e1s, un papel destacado en la reproducci\u00f3n, desde la elecci\u00f3n de pareja hasta el cuidado de &hellip; <a href=\"https:\/\/sobreaves.com\/?page_id=1088\" class=\"more-link\">Seguir leyendo <span class=\"screen-reader-text\">Los sentidos de las aves y sus \u00f3rganos<\/span> <span class=\"meta-nav\">&rarr;<\/span><\/a><\/p>\n","protected":false},"author":2,"featured_media":0,"parent":0,"menu_order":0,"comment_status":"closed","ping_status":"closed","template":"","meta":{"footnotes":""},"class_list":["post-1088","page","type-page","status-publish","hentry"],"_links":{"self":[{"href":"https:\/\/sobreaves.com\/index.php?rest_route=\/wp\/v2\/pages\/1088","targetHints":{"allow":["GET"]}}],"collection":[{"href":"https:\/\/sobreaves.com\/index.php?rest_route=\/wp\/v2\/pages"}],"about":[{"href":"https:\/\/sobreaves.com\/index.php?rest_route=\/wp\/v2\/types\/page"}],"author":[{"embeddable":true,"href":"https:\/\/sobreaves.com\/index.php?rest_route=\/wp\/v2\/users\/2"}],"replies":[{"embeddable":true,"href":"https:\/\/sobreaves.com\/index.php?rest_route=%2Fwp%2Fv2%2Fcomments&post=1088"}],"version-history":[{"count":16,"href":"https:\/\/sobreaves.com\/index.php?rest_route=\/wp\/v2\/pages\/1088\/revisions"}],"predecessor-version":[{"id":1443,"href":"https:\/\/sobreaves.com\/index.php?rest_route=\/wp\/v2\/pages\/1088\/revisions\/1443"}],"wp:attachment":[{"href":"https:\/\/sobreaves.com\/index.php?rest_route=%2Fwp%2Fv2%2Fmedia&parent=1088"}],"curies":[{"name":"wp","href":"https:\/\/api.w.org\/{rel}","templated":true}]}}