{"id":187,"date":"2014-08-18T23:05:14","date_gmt":"2014-08-18T23:05:14","guid":{"rendered":"http:\/\/sobreaves.com\/?page_id=187"},"modified":"2025-01-22T13:28:18","modified_gmt":"2025-01-22T13:28:18","slug":"las-patas-de-las-aves","status":"publish","type":"page","link":"https:\/\/sobreaves.com\/?page_id=187","title":{"rendered":"Las patas de las aves"},"content":{"rendered":"<p style=\"text-align: justify;\">\u00a0\u00a0 La anatom\u00eda de las patas de las aves presenta diversas modificaciones con respecto al resto de vertebrados terrestres por la necesidad de adaptarse al vuelo. As\u00ed, el muslo est\u00e1 constituido por el f\u00e9mur y discurre casi paralelo al suelo. Tanto el muslo como la rodilla acostumbran a quedar ocultos en el interior de las plumas, por lo que se suele confundir el muslo con la pierna (sobre todo en gastronom\u00eda). Por este motivo y por el hecho de que las aves se apoyan en los dedos lo que parece la rodilla es en realidad el tobillo. Si se observa el movimiento de esta articulaci\u00f3n, se puede apreciar que lo hace al rev\u00e9s que la rodilla.<\/p>\n<figure id=\"attachment_364\" aria-describedby=\"caption-attachment-364\" style=\"width: 300px\" class=\"wp-caption aligncenter\"><a href=\"http:\/\/sobreaves.com\/wp-content\/uploads\/2014\/08\/lavandera_blanca_1_ma.jpg\"><img loading=\"lazy\" decoding=\"async\" class=\"size-medium wp-image-364\" src=\"http:\/\/sobreaves.com\/wp-content\/uploads\/2014\/08\/lavandera_blanca_1_ma-300x211.jpg\" alt=\"Lavandera blanca\/White wagtail Motacilla alba\" width=\"300\" height=\"211\" srcset=\"https:\/\/sobreaves.com\/wp-content\/uploads\/2014\/08\/lavandera_blanca_1_ma-300x211.jpg 300w, https:\/\/sobreaves.com\/wp-content\/uploads\/2014\/08\/lavandera_blanca_1_ma.jpg 1000w\" sizes=\"auto, (max-width: 300px) 100vw, 300px\" \/><\/a><figcaption id=\"caption-attachment-364\" class=\"wp-caption-text\"><span style=\"color: #ff0000;\">Lavandera blanca<\/span>\/<span style=\"color: #3366ff;\">White Wagtail<\/span><br \/><strong><em>Motacilla alba<\/em><\/strong><\/figcaption><\/figure>\n<p style=\"text-align: justify;\">\u00a0\u00a0 La pierna de las aves se suele denominar tibia, consta de un hueso largo llamado tibiotarso debido a que la tibia se fusiona parcialmente con el tarso. El peron\u00e9 es peque\u00f1o y tambi\u00e9n se fusiona a la tibia.<\/p>\n<p style=\"text-align: justify;\">\u00a0\u00a0 El pie est\u00e1 formado por una parte alargada, resultado de la fusi\u00f3n de los huesos tarsianos y metatarsianos, llamada tarso-metatarso (m\u00e1s com\u00fanmente tarso) y por los dedos.<\/p>\n<p style=\"text-align: justify;\"><a href=\"http:\/\/sobreaves.com\/wp-content\/uploads\/2014\/08\/Patas_aves_2_ma.jpg\"><img loading=\"lazy\" decoding=\"async\" class=\"size-medium wp-image-361 alignleft\" src=\"http:\/\/sobreaves.com\/wp-content\/uploads\/2014\/08\/Patas_aves_2_ma-300x211.jpg\" alt=\"\" width=\"300\" height=\"211\" srcset=\"https:\/\/sobreaves.com\/wp-content\/uploads\/2014\/08\/Patas_aves_2_ma-300x211.jpg 300w, https:\/\/sobreaves.com\/wp-content\/uploads\/2014\/08\/Patas_aves_2_ma-1024x722.jpg 1024w, https:\/\/sobreaves.com\/wp-content\/uploads\/2014\/08\/Patas_aves_2_ma.jpg 2000w\" sizes=\"auto, (max-width: 300px) 100vw, 300px\" \/><\/a><\/p>\n<p style=\"text-align: justify;\">\u00a0\u00a0 En la naturaleza se pueden encontrar una gran variedad de patas dependiendo de las necesidades de cada grupo de aves y del medio en el que se desenvuelven. La mayor\u00eda de las aves poseen pie anisod\u00e1ctilo que\u00a0consta de \u00a0cuatro dedos, tres dirigidos hacia adelante y uno hacia atr\u00e1s que es el pulgar o h\u00e1lux (primer dedo).<\/p>\n<p style=\"text-align: justify;\">\u00a0 \u00a0Algunas aves tienen tres dedos, como este correlimos trid\u00e1ctilo cuyo nombre alude a este hecho.<\/p>\n<figure id=\"attachment_532\" aria-describedby=\"caption-attachment-532\" style=\"width: 300px\" class=\"wp-caption aligncenter\"><a href=\"http:\/\/sobreaves.com\/wp-content\/uploads\/2014\/08\/Correlimos_tri_1_ma.jpg\"><img loading=\"lazy\" decoding=\"async\" class=\"size-medium wp-image-532\" src=\"http:\/\/sobreaves.com\/wp-content\/uploads\/2014\/08\/Correlimos_tri_1_ma-300x233.jpg\" alt=\"Correlimos trid\u00e1ctilo\/Sanderling Calidris alba\" width=\"300\" height=\"233\" srcset=\"https:\/\/sobreaves.com\/wp-content\/uploads\/2014\/08\/Correlimos_tri_1_ma-300x233.jpg 300w, https:\/\/sobreaves.com\/wp-content\/uploads\/2014\/08\/Correlimos_tri_1_ma.jpg 1000w\" sizes=\"auto, (max-width: 300px) 100vw, 300px\" \/><\/a><figcaption id=\"caption-attachment-532\" class=\"wp-caption-text\"><span style=\"color: #3366ff;\"><span style=\"color: #ff0000;\"><em>Correlimos trid\u00e1ctilo<\/em>\/<\/span><em>Sanderling<\/em><\/span><br \/><strong><em>Calidris alba<\/em><\/strong><\/figcaption><\/figure>\n<p style=\"text-align: justify;\">\u00a0 \u00a0 El avestruz, ave corredora, tiene dos dedos dirigidos hacia adelante.<\/p>\n<p style=\"text-align: justify;\"><a href=\"http:\/\/sobreaves.com\/wp-content\/uploads\/2014\/08\/pie_oca_1_ma.jpg\"><img loading=\"lazy\" decoding=\"async\" class=\"size-medium wp-image-354 alignright\" src=\"http:\/\/sobreaves.com\/wp-content\/uploads\/2014\/08\/pie_oca_1_ma-300x202.jpg\" alt=\"\" width=\"300\" height=\"202\" srcset=\"https:\/\/sobreaves.com\/wp-content\/uploads\/2014\/08\/pie_oca_1_ma-300x202.jpg 300w, https:\/\/sobreaves.com\/wp-content\/uploads\/2014\/08\/pie_oca_1_ma.jpg 1000w\" sizes=\"auto, (max-width: 300px) 100vw, 300px\" \/><\/a><\/p>\n<p style=\"text-align: justify;\">\u00a0\u00a0\u00a0 Las aves que est\u00e1n adaptadas a la vida acu\u00e1tica presentan entre los dedos la membrana interdigital que hace que la pata funcione al nadar como un remo. Los \u00e1nsares (gansos), patos, cisnes, gaviotas, etc., tienen la membrana interdigital entre los tres dedos delanteros, el dedo pulgar es m\u00e1s peque\u00f1o y se encuentra algo elevado. \u00a0A este tipo de pie se le conoce como anseroideo.<\/p>\n<p style=\"text-align: justify;\">\u00a0\u00a0 Las avocetas, por ejemplo, se desplazan por el agua ya sea nadando o vadeando por lo que tienen membrana interdigital pero carecen de dedo pulgar.<\/p>\n<div id='gallery-1' class='gallery galleryid-187 gallery-columns-3 gallery-size-thumbnail'><figure class='gallery-item'>\n\t\t\t<div class='gallery-icon landscape'>\n\t\t\t\t<a href='https:\/\/sobreaves.com\/?attachment_id=404'><img loading=\"lazy\" decoding=\"async\" width=\"150\" height=\"150\" src=\"https:\/\/sobreaves.com\/wp-content\/uploads\/2014\/08\/avoceta_12_ma-150x150.jpg\" class=\"attachment-thumbnail size-thumbnail\" alt=\"\" aria-describedby=\"gallery-1-404\" \/><\/a>\n\t\t\t<\/div>\n\t\t\t\t<figcaption class='wp-caption-text gallery-caption' id='gallery-1-404'>\n\t\t\t\tAvoceta com\u00fan\/Pied avocet\n(Recurvirostra avosetta)\n\t\t\t\t<\/figcaption><\/figure><figure class='gallery-item'>\n\t\t\t<div class='gallery-icon landscape'>\n\t\t\t\t<a href='https:\/\/sobreaves.com\/?attachment_id=402'><img loading=\"lazy\" decoding=\"async\" width=\"150\" height=\"150\" src=\"https:\/\/sobreaves.com\/wp-content\/uploads\/2014\/08\/Avoceta_2_ma-150x150.jpg\" class=\"attachment-thumbnail size-thumbnail\" alt=\"\" \/><\/a>\n\t\t\t<\/div><\/figure><figure class='gallery-item'>\n\t\t\t<div class='gallery-icon landscape'>\n\t\t\t\t<a href='https:\/\/sobreaves.com\/?attachment_id=403'><img loading=\"lazy\" decoding=\"async\" width=\"150\" height=\"150\" src=\"https:\/\/sobreaves.com\/wp-content\/uploads\/2014\/08\/avoceta_3_1_ma-150x150.jpg\" class=\"attachment-thumbnail size-thumbnail\" alt=\"\" \/><\/a>\n\t\t\t<\/div><\/figure>\n\t\t<\/div>\n\n<p style=\"text-align: justify;\">\u00a0\u00a0 El pie estegan\u00f3podo tiene la membrana interdigital entre los cuatro dedos, en este caso el dedo pulgar est\u00e1 algo desplazado, es propio de alcatraces, cormoranes&#8230;<\/p>\n<figure id=\"attachment_378\" aria-describedby=\"caption-attachment-378\" style=\"width: 200px\" class=\"wp-caption aligncenter\"><a href=\"http:\/\/sobreaves.com\/wp-content\/uploads\/2014\/08\/Alcatraz_13_ma.jpg\"><img loading=\"lazy\" decoding=\"async\" class=\"size-medium wp-image-378\" src=\"http:\/\/sobreaves.com\/wp-content\/uploads\/2014\/08\/Alcatraz_13_ma-200x300.jpg\" alt=\"Alcatraz atl\u00e1ntico\/Northern gannet Morus bassanus\" width=\"200\" height=\"300\" srcset=\"https:\/\/sobreaves.com\/wp-content\/uploads\/2014\/08\/Alcatraz_13_ma-200x300.jpg 200w, https:\/\/sobreaves.com\/wp-content\/uploads\/2014\/08\/Alcatraz_13_ma-682x1024.jpg 682w, https:\/\/sobreaves.com\/wp-content\/uploads\/2014\/08\/Alcatraz_13_ma.jpg 1000w\" sizes=\"auto, (max-width: 200px) 100vw, 200px\" \/><\/a><figcaption id=\"caption-attachment-378\" class=\"wp-caption-text\"><span style=\"color: #ff0000;\">Alcatraz atl\u00e1ntico<\/span>\/<span style=\"color: #3366ff;\">Northern Gannet<\/span><br \/><strong><em>Morus bassanus<\/em><\/strong><\/figcaption><\/figure>\n<p style=\"text-align: justify;\">\u00a0\u00a0 Aves como las fochas, en lugar de membrana interdigital disponen de l\u00f3bulos membranosos, es el pie lobulado.<\/p>\n<figure id=\"attachment_407\" aria-describedby=\"caption-attachment-407\" style=\"width: 300px\" class=\"wp-caption aligncenter\"><a href=\"http:\/\/sobreaves.com\/wp-content\/uploads\/2014\/08\/focha-com\u00fan_1_ma.jpg\"><img loading=\"lazy\" decoding=\"async\" class=\"size-medium wp-image-407\" src=\"http:\/\/sobreaves.com\/wp-content\/uploads\/2014\/08\/focha-com\u00fan_1_ma-300x233.jpg\" alt=\"Focha com\u00fan\/Eurasian coot Fulica atra\" width=\"300\" height=\"233\" srcset=\"https:\/\/sobreaves.com\/wp-content\/uploads\/2014\/08\/focha-com\u00fan_1_ma-300x233.jpg 300w, https:\/\/sobreaves.com\/wp-content\/uploads\/2014\/08\/focha-com\u00fan_1_ma.jpg 1000w\" sizes=\"auto, (max-width: 300px) 100vw, 300px\" \/><\/a><figcaption id=\"caption-attachment-407\" class=\"wp-caption-text\"><span style=\"color: #ff0000;\">Focha com\u00fan<\/span>\/<span style=\"color: #3366ff;\">Eurasian Coot<\/span><br \/><strong><em>Fulica atra<\/em><\/strong><\/figcaption><\/figure>\n<figure id=\"attachment_409\" aria-describedby=\"caption-attachment-409\" style=\"width: 300px\" class=\"wp-caption alignleft\"><a href=\"http:\/\/sobreaves.com\/wp-content\/uploads\/2014\/08\/Alca_com\u00fan_1_ma.jpg\"><img loading=\"lazy\" decoding=\"async\" class=\"size-medium wp-image-409\" src=\"http:\/\/sobreaves.com\/wp-content\/uploads\/2014\/08\/Alca_com\u00fan_1_ma-300x200.jpg\" alt=\"Alca com\u00fan\/Razorbill Alca torda\" width=\"300\" height=\"200\" srcset=\"https:\/\/sobreaves.com\/wp-content\/uploads\/2014\/08\/Alca_com\u00fan_1_ma-300x200.jpg 300w, https:\/\/sobreaves.com\/wp-content\/uploads\/2014\/08\/Alca_com\u00fan_1_ma.jpg 1000w\" sizes=\"auto, (max-width: 300px) 100vw, 300px\" \/><\/a><figcaption id=\"caption-attachment-409\" class=\"wp-caption-text\"><span style=\"color: #ff0000;\">Alca com\u00fan<\/span>\/<span style=\"color: #3366ff;\">Razorbill<\/span><br \/><strong><em>Alca torda<\/em><\/strong><\/figcaption><\/figure>\n<p style=\"text-align: justify;\">\u00a0 \u00a0Cuanto m\u00e1s adaptadas est\u00e1n las aves al medio acu\u00e1tico peor se desplazan fuera del agua. Las aves m\u00e1s dotadas tanto para la nataci\u00f3n como para el buceo son las m\u00e1s torpes en tierra firme. Sus patas son cortas y tienen una posici\u00f3n atrasada con respecto al cuerpo.<\/p>\n<figure id=\"attachment_357\" aria-describedby=\"caption-attachment-357\" style=\"width: 300px\" class=\"wp-caption alignright\"><a href=\"http:\/\/sobreaves.com\/wp-content\/uploads\/2014\/08\/Polla_de_agua_1_ma.jpg\"><img loading=\"lazy\" decoding=\"async\" class=\"size-medium wp-image-357\" src=\"http:\/\/sobreaves.com\/wp-content\/uploads\/2014\/08\/Polla_de_agua_1_ma-300x233.jpg\" alt=\"Gallineta com\u00fan\/Common moorthen Gallinula chloropus\" width=\"300\" height=\"233\" srcset=\"https:\/\/sobreaves.com\/wp-content\/uploads\/2014\/08\/Polla_de_agua_1_ma-300x233.jpg 300w, https:\/\/sobreaves.com\/wp-content\/uploads\/2014\/08\/Polla_de_agua_1_ma.jpg 1000w\" sizes=\"auto, (max-width: 300px) 100vw, 300px\" \/><\/a><figcaption id=\"caption-attachment-357\" class=\"wp-caption-text\"><span style=\"color: #ff0000;\">Gallineta com\u00fan<\/span>\/<span style=\"color: #3366ff;\">Common Moorthen<\/span><br \/><strong><em>Gallinula chloropus<\/em><\/strong><\/figcaption><\/figure>\n<p style=\"text-align: justify;\">\u00a0\u00a0 En general las aves que se mueven sobre sustratos poco firmes como lodo, arena, vegetaci\u00f3n acu\u00e1tica, etc., suelen tener los dedos largos para impedir que se hundan.<\/p>\n<p style=\"text-align: justify;\">\u00a0\u00a0 En las aves que caminan por el suelo, como las palomas, el pulgar se inserta m\u00e1s elevado que los otros dedos ya que es poco \u00fatil para este tipo de desplazamiento.<\/p>\n<p style=\"text-align: justify;\">\u00a0\u00a0 Las patas corredoras como las del alcarav\u00e1n, son largas y los dedos cortos. El pulgar o falta o se encuentra elevado.<\/p>\n<figure id=\"attachment_411\" aria-describedby=\"caption-attachment-411\" style=\"width: 300px\" class=\"wp-caption aligncenter\"><a href=\"http:\/\/sobreaves.com\/wp-content\/uploads\/2014\/08\/Alcarav\u00e1n_1_ma.jpg\"><img loading=\"lazy\" decoding=\"async\" class=\"size-medium wp-image-411\" src=\"http:\/\/sobreaves.com\/wp-content\/uploads\/2014\/08\/Alcarav\u00e1n_1_ma-300x207.jpg\" alt=\"Alcarav\u00e1n com\u00fan\/ Stone-curlew Burhinus oedicnemus\" width=\"300\" height=\"207\" srcset=\"https:\/\/sobreaves.com\/wp-content\/uploads\/2014\/08\/Alcarav\u00e1n_1_ma-300x207.jpg 300w, https:\/\/sobreaves.com\/wp-content\/uploads\/2014\/08\/Alcarav\u00e1n_1_ma.jpg 1000w\" sizes=\"auto, (max-width: 300px) 100vw, 300px\" \/><\/a><figcaption id=\"caption-attachment-411\" class=\"wp-caption-text\"><span style=\"color: #ff0000;\">Alcarav\u00e1n com\u00fan<\/span>\/ <span style=\"color: #3366ff;\">Stone-curlew<\/span><br \/><strong><em>Burhinus oedicnemus<\/em><\/strong><\/figcaption><\/figure>\n<p style=\"text-align: justify;\">\u00a0\u00a0 La marcha puede ser a pasos o a saltos. La marcha a saltos es t\u00edpica de las aves que se desplazan por las ramas como los gorriones.<\/p>\n<figure id=\"attachment_415\" aria-describedby=\"caption-attachment-415\" style=\"width: 300px\" class=\"wp-caption aligncenter\"><a href=\"http:\/\/sobreaves.com\/wp-content\/uploads\/2014\/08\/gorri\u00f3n_12_ma.jpg\"><img loading=\"lazy\" decoding=\"async\" class=\"size-medium wp-image-415\" src=\"http:\/\/sobreaves.com\/wp-content\/uploads\/2014\/08\/gorri\u00f3n_12_ma-300x207.jpg\" alt=\"Gorri\u00f3n com\u00fan\/House sparrow Passer domesticus\" width=\"300\" height=\"207\" srcset=\"https:\/\/sobreaves.com\/wp-content\/uploads\/2014\/08\/gorri\u00f3n_12_ma-300x207.jpg 300w, https:\/\/sobreaves.com\/wp-content\/uploads\/2014\/08\/gorri\u00f3n_12_ma.jpg 1000w\" sizes=\"auto, (max-width: 300px) 100vw, 300px\" \/><\/a><figcaption id=\"caption-attachment-415\" class=\"wp-caption-text\"><span style=\"color: #ff0000;\">Gorri\u00f3n com\u00fan<\/span>\/<span style=\"color: #3366ff;\">House Sparrow<\/span><br \/><strong><em>Passer domesticus<\/em><\/strong><\/figcaption><\/figure>\n<figure id=\"attachment_418\" aria-describedby=\"caption-attachment-418\" style=\"width: 300px\" class=\"wp-caption alignleft\"><a href=\"http:\/\/sobreaves.com\/wp-content\/uploads\/2014\/08\/carbonero_1_ma.jpg\"><img loading=\"lazy\" decoding=\"async\" class=\"size-medium wp-image-418\" src=\"http:\/\/sobreaves.com\/wp-content\/uploads\/2014\/08\/carbonero_1_ma-300x207.jpg\" alt=\"Carbonero com\u00fan\/Great tit Parus major\" width=\"300\" height=\"207\" srcset=\"https:\/\/sobreaves.com\/wp-content\/uploads\/2014\/08\/carbonero_1_ma-300x207.jpg 300w, https:\/\/sobreaves.com\/wp-content\/uploads\/2014\/08\/carbonero_1_ma.jpg 1000w\" sizes=\"auto, (max-width: 300px) 100vw, 300px\" \/><\/a><figcaption id=\"caption-attachment-418\" class=\"wp-caption-text\"><span style=\"color: #ff0000;\">Carbonero com\u00fan<\/span>\/<span style=\"color: #0000ff;\">Great Tit<\/span><br \/><strong><em>Parus major<\/em><\/strong><\/figcaption><\/figure>\n<p style=\"text-align: justify;\">\u00a0\u00a0 La mayor\u00eda de los paseriformes tienen pies arbor\u00edcolas. El pulgar se inserta a la misma altura que el resto de los dedos y es alargado. Las u\u00f1as son tambi\u00e9n largas para asirse a las ramas. En estas aves, la acci\u00f3n de determinados tendones les permite agarrarse a las ramas con un m\u00ednimo esfuerzo y sostenerse con firmeza incluso cuando duermen.<\/p>\n<p style=\"text-align: justify;\">\u00a0\u00a0 Los martines tienen pies posadores, son peque\u00f1os y los dedos delanteros est\u00e1n en parte unidos. A este tipo de pie se le conoce como sind\u00e1ctilo.<\/p>\n<figure id=\"attachment_420\" aria-describedby=\"caption-attachment-420\" style=\"width: 300px\" class=\"wp-caption aligncenter\"><a href=\"http:\/\/sobreaves.com\/wp-content\/uploads\/2014\/08\/mart\u00edn_1_ma.jpg\"><img loading=\"lazy\" decoding=\"async\" class=\"size-medium wp-image-420\" src=\"http:\/\/sobreaves.com\/wp-content\/uploads\/2014\/08\/mart\u00edn_1_ma-300x207.jpg\" alt=\"Mart\u00edn pescador com\u00fan\/Common kingfisher Alcedo atthis\" width=\"300\" height=\"207\" srcset=\"https:\/\/sobreaves.com\/wp-content\/uploads\/2014\/08\/mart\u00edn_1_ma-300x207.jpg 300w, https:\/\/sobreaves.com\/wp-content\/uploads\/2014\/08\/mart\u00edn_1_ma.jpg 1000w\" sizes=\"auto, (max-width: 300px) 100vw, 300px\" \/><\/a><figcaption id=\"caption-attachment-420\" class=\"wp-caption-text\"><span style=\"color: #ff0000;\">Mart\u00edn pescador com\u00fan<\/span>\/<span style=\"color: #3366ff;\">Common Kingfisher<\/span><br \/><strong><em>Alcedo atthis<\/em><\/strong><\/figcaption><\/figure>\n<p style=\"text-align: justify;\">\u00a0\u00a0 La u\u00f1a del dedo medio de ciertas aves como las garzas, se conoce como u\u00f1a pectinada, ya que recuerda a un peine y la utilizan para el arreglo de las plumas.<\/p>\n<p style=\"text-align: justify;\">\u00a0\u00a0 Con el fin de atrapar y transportar a sus presas, los dedos de muchas rapaces son fuertes y terminados en garras. Las garras son u\u00f1as largas, curvadas y afiladas.<\/p>\n<div id='gallery-2' class='gallery galleryid-187 gallery-columns-3 gallery-size-thumbnail'><figure class='gallery-item'>\n\t\t\t<div class='gallery-icon landscape'>\n\t\t\t\t<a href='https:\/\/sobreaves.com\/?attachment_id=422'><img loading=\"lazy\" decoding=\"async\" width=\"150\" height=\"150\" src=\"https:\/\/sobreaves.com\/wp-content\/uploads\/2014\/08\/Cern\u00edcalo_vulgar_1_ma-150x150.jpg\" class=\"attachment-thumbnail size-thumbnail\" alt=\"\" aria-describedby=\"gallery-2-422\" \/><\/a>\n\t\t\t<\/div>\n\t\t\t\t<figcaption class='wp-caption-text gallery-caption' id='gallery-2-422'>\n\t\t\t\tCern\u00edcalo vulgar\/Common kestrel\n(Falco tinnunculus)\n\t\t\t\t<\/figcaption><\/figure><figure class='gallery-item'>\n\t\t\t<div class='gallery-icon landscape'>\n\t\t\t\t<a href='https:\/\/sobreaves.com\/?attachment_id=423'><img loading=\"lazy\" decoding=\"async\" width=\"150\" height=\"150\" src=\"https:\/\/sobreaves.com\/wp-content\/uploads\/2014\/08\/cern\u00edcalo_vulgar_12_ma-150x150.jpg\" class=\"attachment-thumbnail size-thumbnail\" alt=\"\" \/><\/a>\n\t\t\t<\/div><\/figure>\n\t\t<\/div>\n\n<p>&nbsp;<\/p>\n<p>&nbsp;<\/p>\n<p>&nbsp;<\/p>\n<p>&nbsp;<\/p>\n<p>&nbsp;<\/p>\n<p>&nbsp;<\/p>\n<p>&nbsp;<\/p>\n<p>&nbsp;<\/p>\n","protected":false},"excerpt":{"rendered":"<p>\u00a0\u00a0 La anatom\u00eda de las patas de las aves presenta diversas modificaciones con respecto al resto de vertebrados terrestres por la necesidad de adaptarse al vuelo. As\u00ed, el muslo est\u00e1 constituido por el f\u00e9mur y discurre casi paralelo al suelo. Tanto el muslo como la rodilla acostumbran a quedar ocultos en el interior de las &hellip; <a href=\"https:\/\/sobreaves.com\/?page_id=187\" class=\"more-link\">Seguir leyendo <span class=\"screen-reader-text\">Las patas de las aves<\/span> <span class=\"meta-nav\">&rarr;<\/span><\/a><\/p>\n","protected":false},"author":2,"featured_media":0,"parent":0,"menu_order":0,"comment_status":"closed","ping_status":"closed","template":"","meta":{"footnotes":""},"class_list":["post-187","page","type-page","status-publish","hentry"],"_links":{"self":[{"href":"https:\/\/sobreaves.com\/index.php?rest_route=\/wp\/v2\/pages\/187","targetHints":{"allow":["GET"]}}],"collection":[{"href":"https:\/\/sobreaves.com\/index.php?rest_route=\/wp\/v2\/pages"}],"about":[{"href":"https:\/\/sobreaves.com\/index.php?rest_route=\/wp\/v2\/types\/page"}],"author":[{"embeddable":true,"href":"https:\/\/sobreaves.com\/index.php?rest_route=\/wp\/v2\/users\/2"}],"replies":[{"embeddable":true,"href":"https:\/\/sobreaves.com\/index.php?rest_route=%2Fwp%2Fv2%2Fcomments&post=187"}],"version-history":[{"count":73,"href":"https:\/\/sobreaves.com\/index.php?rest_route=\/wp\/v2\/pages\/187\/revisions"}],"predecessor-version":[{"id":1439,"href":"https:\/\/sobreaves.com\/index.php?rest_route=\/wp\/v2\/pages\/187\/revisions\/1439"}],"wp:attachment":[{"href":"https:\/\/sobreaves.com\/index.php?rest_route=%2Fwp%2Fv2%2Fmedia&parent=187"}],"curies":[{"name":"wp","href":"https:\/\/api.w.org\/{rel}","templated":true}]}}