{"id":2,"date":"2014-04-09T04:46:32","date_gmt":"2014-04-09T04:46:32","guid":{"rendered":"http:\/\/localhost\/wordpress-3.8.2\/wordpress\/?page_id=2"},"modified":"2025-03-07T20:40:17","modified_gmt":"2025-03-07T20:40:17","slug":"pagina-principal","status":"publish","type":"page","link":"https:\/\/sobreaves.com\/","title":{"rendered":"Introducci\u00f3n"},"content":{"rendered":"<p style=\"text-align: justify;\">\u00a0\u00a0 Las aves son una clase de vertebrados que han colonizado el medio a\u00e9reo, para ello han desarrollado una serie de adaptaciones como es el tener las extremidades anteriores transformadas en alas, huesos huecos o la presencia de sacos a\u00e9reos en los pulmones que favorecen la ventilaci\u00f3n.<\/p>\n<figure id=\"attachment_304\" aria-describedby=\"caption-attachment-304\" style=\"width: 300px\" class=\"wp-caption aligncenter\"><a href=\"http:\/\/sobreaves.com\/wp-content\/uploads\/2014\/04\/cig\u00fce\u00f1uela1_1_marca-agua.jpg\"><img loading=\"lazy\" decoding=\"async\" class=\"size-medium wp-image-304\" src=\"http:\/\/sobreaves.com\/wp-content\/uploads\/2014\/04\/cig\u00fce\u00f1uela1_1_marca-agua-300x244.jpg\" alt=\"Cig\u00fce\u00f1uela com\u00fan\/Black-winged stilt Himantopus himantopus\" width=\"300\" height=\"244\" srcset=\"https:\/\/sobreaves.com\/wp-content\/uploads\/2014\/04\/cig\u00fce\u00f1uela1_1_marca-agua-300x244.jpg 300w, https:\/\/sobreaves.com\/wp-content\/uploads\/2014\/04\/cig\u00fce\u00f1uela1_1_marca-agua.jpg 1000w\" sizes=\"auto, (max-width: 300px) 100vw, 300px\" \/><\/a><figcaption id=\"caption-attachment-304\" class=\"wp-caption-text\"><span style=\"color: #ff0000;\">Cig\u00fce\u00f1uela com\u00fan<\/span>\/<span style=\"color: #3366ff;\">Black-winged stilt<\/span><br \/><em><strong>Himantopus himantopus<\/strong><\/em><\/figcaption><\/figure>\n<p style=\"text-align: justify;\">\u00a0 \u00a0Al poseer un sistema circulatorio y respiratorio eficaz, su actividad metab\u00f3lica es alta,\u00a0 pues\u00a0\u00a0necesitan \u00a0una gran cantidad de energ\u00eda para poder volar y para poder recorrer hasta miles de kil\u00f3metros en sus migraciones.<\/p>\n<figure id=\"attachment_319\" aria-describedby=\"caption-attachment-319\" style=\"width: 300px\" class=\"wp-caption alignleft\"><a href=\"http:\/\/sobreaves.com\/wp-content\/uploads\/2014\/04\/charr\u00e1n-patinegro_1_marca_agua.jpg\"><img loading=\"lazy\" decoding=\"async\" class=\"size-medium wp-image-319\" src=\"http:\/\/sobreaves.com\/wp-content\/uploads\/2014\/04\/charr\u00e1n-patinegro_1_marca_agua-300x267.jpg\" alt=\"Charr\u00e1n patinegro\/Sandwich tern Sterna sandvicensis\" width=\"300\" height=\"267\" srcset=\"https:\/\/sobreaves.com\/wp-content\/uploads\/2014\/04\/charr\u00e1n-patinegro_1_marca_agua-300x267.jpg 300w, https:\/\/sobreaves.com\/wp-content\/uploads\/2014\/04\/charr\u00e1n-patinegro_1_marca_agua.jpg 1000w\" sizes=\"auto, (max-width: 300px) 100vw, 300px\" \/><\/a><figcaption id=\"caption-attachment-319\" class=\"wp-caption-text\"><span style=\"color: #ff0000;\">Charr\u00e1n patinegro<\/span>\/<span style=\"color: #3366ff;\">Sandwich tern<\/span><br \/><strong><em>Sterna sandvicensis<\/em><\/strong><\/figcaption><\/figure>\n<p style=\"text-align: justify;\">\u00a0\u00a0 El estern\u00f3n de las aves voladoras presenta una extensi\u00f3n, la quilla, que aumenta la superficie de fijaci\u00f3n de los m\u00fasculos pectorales, ya que las aves tienen que tener una potente musculatura tanto para desplazarse como para sostenerse en el aire. Aves no voladoras como el avestruz, carecen de quilla.<\/p>\n<p style=\"text-align: justify;\">\u00a0\u00a0 As\u00ed como no son los \u00fanicos vertebrados que vuelan, s\u00ed son los \u00fanicos vertebrados actuales que tienen <strong><a title=\"Las plumas y el plumaje de las aves\" href=\"http:\/\/sobreaves.com\/?page_id=434\">plumas<\/a><\/strong>. Las plumas realizan diferentes funciones: act\u00faan como aislantes t\u00e9rmicos e h\u00eddricos, son necesarias para volar, pueden ser un atractivo sexual para el cortejo, les permite el camuflaje, diferenciar un sexo de otro, etc. Las aves mudan peri\u00f3dicamente sus plumas.<\/p>\n<figure id=\"attachment_317\" aria-describedby=\"caption-attachment-317\" style=\"width: 300px\" class=\"wp-caption alignright\"><a href=\"http:\/\/sobreaves.com\/wp-content\/uploads\/2014\/04\/pato_1_marca_agua.jpg\"><img loading=\"lazy\" decoding=\"async\" class=\"size-medium wp-image-317\" src=\"http:\/\/sobreaves.com\/wp-content\/uploads\/2014\/04\/pato_1_marca_agua-300x225.jpg\" alt=\"\u00c1nade azul\u00f3n\/Mallard Anas platyrhynchos\" width=\"300\" height=\"225\" srcset=\"https:\/\/sobreaves.com\/wp-content\/uploads\/2014\/04\/pato_1_marca_agua-300x225.jpg 300w, https:\/\/sobreaves.com\/wp-content\/uploads\/2014\/04\/pato_1_marca_agua.jpg 1000w\" sizes=\"auto, (max-width: 300px) 100vw, 300px\" \/><\/a><figcaption id=\"caption-attachment-317\" class=\"wp-caption-text\"><span style=\"color: #ff0000;\">\u00c1nade azul\u00f3n<\/span>\/<span style=\"color: #3366ff;\">Mallard<\/span><br \/><em><strong>Anas platyrhynchos<\/strong><\/em><\/figcaption><\/figure>\n<p style=\"text-align: justify;\">\u00a0\u00a0 La gl\u00e1ndula uropigial existe en la mayor\u00eda de las aves. Situada en la piel, a la altura de la rabadilla, produce una secreci\u00f3n grasa, que es utilizada para acicalar sus plumas e impermeabilizarlas.<\/p>\n<p style=\"text-align: justify;\">\u00a0\u00a0\u00a0\u00a0\u00a0 Las aves carecen de dientes por lo que la funci\u00f3n de triturar el alimento la realiza la molleja que es una porci\u00f3n de su est\u00f3mago con paredes musculosas y con placas c\u00f3rneas en su pared interna. Para facilitar la trituraci\u00f3n algunas aves tragan peque\u00f1as piedras.<\/p>\n<p style=\"text-align: justify;\">\u00a0\u00a0 La molleja est\u00e1 especialmente desarrollada en las aves gran\u00edvoras y herb\u00edvoras, mientras que en las aves carn\u00edvoras, pisc\u00edvoras y frug\u00edvoras la molleja es de paredes delgadas.<\/p>\n<p style=\"text-align: justify;\">\u00a0\u00a0 Una de las principales funciones del <strong><a title=\"El pico\" href=\"http:\/\/sobreaves.com\/?page_id=92\">pico<\/a><\/strong> es la captura de los alimentos. tambi\u00e9n se utiliza para construir el nido, como defensa, para limpiar las plumas y en algunos machos para atraer a las hembras. Para compensar su desgaste, el pico se encuentra en continuo crecimiento.<\/p>\n<div id='gallery-1' class='gallery galleryid-2 gallery-columns-3 gallery-size-thumbnail'><figure class='gallery-item'>\n\t\t\t<div class='gallery-icon landscape'>\n\t\t\t\t<a href='https:\/\/sobreaves.com\/?attachment_id=323'><img loading=\"lazy\" decoding=\"async\" width=\"150\" height=\"150\" src=\"https:\/\/sobreaves.com\/wp-content\/uploads\/2014\/04\/Gaviota-Sombr\u00eda-rb_1_marca_agua-150x150.jpg\" class=\"attachment-thumbnail size-thumbnail\" alt=\"\" aria-describedby=\"gallery-1-323\" \/><\/a>\n\t\t\t<\/div>\n\t\t\t\t<figcaption class='wp-caption-text gallery-caption' id='gallery-1-323'>\n\t\t\t\tGaviota sombr\u00eda\/Lesser Black-backed gull\n(Larus fuscus)\n\t\t\t\t<\/figcaption><\/figure><figure class='gallery-item'>\n\t\t\t<div class='gallery-icon landscape'>\n\t\t\t\t<a href='https:\/\/sobreaves.com\/?attachment_id=324'><img loading=\"lazy\" decoding=\"async\" width=\"150\" height=\"150\" src=\"https:\/\/sobreaves.com\/wp-content\/uploads\/2014\/04\/golondrina_d\u00e1urica_1_marca_agua-150x150.jpg\" class=\"attachment-thumbnail size-thumbnail\" alt=\"\" aria-describedby=\"gallery-1-324\" \/><\/a>\n\t\t\t<\/div>\n\t\t\t\t<figcaption class='wp-caption-text gallery-caption' id='gallery-1-324'>\n\t\t\t\tGolondrina d\u00e1urica\/Red-rumped swallow\n(Cecropis daurica)\n\t\t\t\t<\/figcaption><\/figure><figure class='gallery-item'>\n\t\t\t<div class='gallery-icon landscape'>\n\t\t\t\t<a href='https:\/\/sobreaves.com\/?attachment_id=522'><img loading=\"lazy\" decoding=\"async\" width=\"150\" height=\"150\" src=\"https:\/\/sobreaves.com\/wp-content\/uploads\/2014\/04\/ibis_sagrado_1_ma-150x150.jpg\" class=\"attachment-thumbnail size-thumbnail\" alt=\"\" aria-describedby=\"gallery-1-522\" \/><\/a>\n\t\t\t<\/div>\n\t\t\t\t<figcaption class='wp-caption-text gallery-caption' id='gallery-1-522'>\n\t\t\t\tIbis sagrado\/Sacred ibis (Threskiornis aethiopicus)\n\t\t\t\t<\/figcaption><\/figure>\n\t\t<\/div>\n\n<p style=\"text-align: justify;\"><strong>\u00a0\u00a0<a title=\"Las patas de las aves\" href=\"http:\/\/sobreaves.com\/?page_id=187\">Las patas de las aves<\/a> <\/strong>son las extremidades posteriores. Las patas les permiten realizar una serie de funciones como la marcha, nadar, trepar, agarrar&#8230;<\/p>\n<figure id=\"attachment_392\" aria-describedby=\"caption-attachment-392\" style=\"width: 200px\" class=\"wp-caption aligncenter\"><a href=\"http:\/\/sobreaves.com\/wp-content\/uploads\/2014\/04\/Garceta_1_2_ma.jpg\"><img loading=\"lazy\" decoding=\"async\" class=\"size-medium wp-image-392\" src=\"http:\/\/sobreaves.com\/wp-content\/uploads\/2014\/04\/Garceta_1_2_ma-200x300.jpg\" alt=\"Garceta com\u00fan\/Little egret Egretta garzetta\" width=\"200\" height=\"300\" srcset=\"https:\/\/sobreaves.com\/wp-content\/uploads\/2014\/04\/Garceta_1_2_ma-200x300.jpg 200w, https:\/\/sobreaves.com\/wp-content\/uploads\/2014\/04\/Garceta_1_2_ma-682x1024.jpg 682w, https:\/\/sobreaves.com\/wp-content\/uploads\/2014\/04\/Garceta_1_2_ma.jpg 1000w\" sizes=\"auto, (max-width: 200px) 100vw, 200px\" \/><\/a><figcaption id=\"caption-attachment-392\" class=\"wp-caption-text\"><span style=\"color: #ff0000;\">Garceta com\u00fan<\/span>\/<span style=\"color: #3366ff;\">Little egret<\/span><br \/><em><strong>Egretta garzetta<\/strong><\/em><\/figcaption><\/figure>\n<figure id=\"attachment_310\" aria-describedby=\"caption-attachment-310\" style=\"width: 300px\" class=\"wp-caption alignright\"><a href=\"http:\/\/sobreaves.com\/wp-content\/uploads\/2014\/04\/Gaviota-reidora_1_marca-agua.jpg\"><img loading=\"lazy\" decoding=\"async\" class=\"size-medium wp-image-310\" src=\"http:\/\/sobreaves.com\/wp-content\/uploads\/2014\/04\/Gaviota-reidora_1_marca-agua-300x225.jpg\" alt=\"Gaviota reidora\/Black-headed gull Chroicocephalus ridibundus\" width=\"300\" height=\"225\" srcset=\"https:\/\/sobreaves.com\/wp-content\/uploads\/2014\/04\/Gaviota-reidora_1_marca-agua-300x225.jpg 300w, https:\/\/sobreaves.com\/wp-content\/uploads\/2014\/04\/Gaviota-reidora_1_marca-agua.jpg 1000w\" sizes=\"auto, (max-width: 300px) 100vw, 300px\" \/><\/a><figcaption id=\"caption-attachment-310\" class=\"wp-caption-text\"><span style=\"color: #ff0000;\">Gaviota reidora<\/span>\/<span style=\"color: #3366ff;\">Black-headed gull<\/span><br \/><strong><em>Chroicocephalus ridibundus<\/em><\/strong><\/figcaption><\/figure>\n<p>&nbsp;<\/p>\n<p>&nbsp;<\/p>\n<p>Gracias a la constituci\u00f3n tanto de la pelvis como de las patas, las aves pueden soportar el choque que supone el aterrizaje.<\/p>\n<p style=\"text-align: justify;\">\u00a0 \u00a0Las patas tambi\u00e9n proporcionan el impulso necesario para despegar. A algunas aves les basta para iniciar el vuelo con un salto y un aleteo.<\/p>\n<figure id=\"attachment_390\" aria-describedby=\"caption-attachment-390\" style=\"width: 300px\" class=\"wp-caption aligncenter\"><a href=\"http:\/\/sobreaves.com\/wp-content\/uploads\/2014\/04\/Despegue_1_ma.jpg\"><img loading=\"lazy\" decoding=\"async\" class=\"size-medium wp-image-390\" src=\"http:\/\/sobreaves.com\/wp-content\/uploads\/2014\/04\/Despegue_1_ma-300x199.jpg\" alt=\"Gaviota sombr\u00eda\/Lesser black-backed gull Larus fuscus\" width=\"300\" height=\"199\" srcset=\"https:\/\/sobreaves.com\/wp-content\/uploads\/2014\/04\/Despegue_1_ma-300x199.jpg 300w, https:\/\/sobreaves.com\/wp-content\/uploads\/2014\/04\/Despegue_1_ma.jpg 1000w\" sizes=\"auto, (max-width: 300px) 100vw, 300px\" \/><\/a><figcaption id=\"caption-attachment-390\" class=\"wp-caption-text\"><span style=\"color: #ff0000;\">Gaviota sombr\u00eda<\/span>\/<span style=\"color: #3366ff;\">Lesser black-backed gull<\/span><br \/><strong><em>Larus fuscus<\/em><\/strong><\/figcaption><\/figure>\n<p style=\"text-align: justify;\">\u00a0\u00a0 Otras necesitan adem\u00e1s realizar una carrera.<\/p>\n<figure id=\"attachment_334\" aria-describedby=\"caption-attachment-334\" style=\"width: 300px\" class=\"wp-caption aligncenter\"><a href=\"http:\/\/sobreaves.com\/wp-content\/uploads\/2014\/04\/Flamenco-inmaduro_1_marca_agua.jpg\"><img loading=\"lazy\" decoding=\"async\" class=\"size-medium wp-image-334\" src=\"http:\/\/sobreaves.com\/wp-content\/uploads\/2014\/04\/Flamenco-inmaduro_1_marca_agua-300x200.jpg\" alt=\"Flamenco com\u00fan\/Greater flamingo Phoenicopterus roseus\" width=\"300\" height=\"200\" srcset=\"https:\/\/sobreaves.com\/wp-content\/uploads\/2014\/04\/Flamenco-inmaduro_1_marca_agua-300x200.jpg 300w, https:\/\/sobreaves.com\/wp-content\/uploads\/2014\/04\/Flamenco-inmaduro_1_marca_agua.jpg 1000w\" sizes=\"auto, (max-width: 300px) 100vw, 300px\" \/><\/a><figcaption id=\"caption-attachment-334\" class=\"wp-caption-text\"><span style=\"color: #ff0000;\">Flamenco com\u00fan<\/span>\/<span style=\"color: #3366ff;\">Greater flamingo<\/span><br \/><strong><em>Phoenicopterus roseus<\/em><\/strong><\/figcaption><\/figure>\n<p style=\"text-align: justify;\">\u00a0\u00a0 Lo m\u00e1s habitual es que una porci\u00f3n importante de la pata carezca de plumas pero est\u00e9 cubierta de escamas, preferentemente en el tarso-metatarso y en los dedos. Las escamas son formaciones epid\u00e9rmicas constituidas por queratina con funci\u00f3n protectora.<\/p>\n<p style=\"text-align: justify;\"><a href=\"http:\/\/sobreaves.com\/wp-content\/uploads\/2014\/04\/patas_paloma_1.jpg\"><img loading=\"lazy\" decoding=\"async\" class=\"size-medium wp-image-366 aligncenter\" src=\"http:\/\/sobreaves.com\/wp-content\/uploads\/2014\/04\/patas_paloma_1-300x225.jpg\" alt=\"patas_paloma_1\" width=\"300\" height=\"225\" srcset=\"https:\/\/sobreaves.com\/wp-content\/uploads\/2014\/04\/patas_paloma_1-300x225.jpg 300w, https:\/\/sobreaves.com\/wp-content\/uploads\/2014\/04\/patas_paloma_1.jpg 1000w\" sizes=\"auto, (max-width: 300px) 100vw, 300px\" \/><\/a><\/p>\n<p>\u00a0\u00a0 En algunas rapaces las plumas pueden llegar hasta los dedos.<\/p>\n<figure id=\"attachment_315\" aria-describedby=\"caption-attachment-315\" style=\"width: 295px\" class=\"wp-caption aligncenter\"><a href=\"http:\/\/sobreaves.com\/wp-content\/uploads\/2014\/04\/c\u00e1rabo_1_marca_agua.jpg\"><img loading=\"lazy\" decoding=\"async\" class=\"size-medium wp-image-315\" src=\"http:\/\/sobreaves.com\/wp-content\/uploads\/2014\/04\/c\u00e1rabo_1_marca_agua-295x300.jpg\" alt=\"C\u00e1rabo com\u00fan\/Tawny owl Strix aluco\" width=\"295\" height=\"300\" srcset=\"https:\/\/sobreaves.com\/wp-content\/uploads\/2014\/04\/c\u00e1rabo_1_marca_agua-295x300.jpg 295w, https:\/\/sobreaves.com\/wp-content\/uploads\/2014\/04\/c\u00e1rabo_1_marca_agua.jpg 1000w\" sizes=\"auto, (max-width: 295px) 100vw, 295px\" \/><\/a><figcaption id=\"caption-attachment-315\" class=\"wp-caption-text\"><span style=\"color: #ff0000;\">C\u00e1rabo com\u00fan<\/span>\/<span style=\"color: #3366ff;\">Tawny owl<\/span><br \/><strong><em>Strix aluco<\/em><\/strong><\/figcaption><\/figure>\n<p style=\"text-align: justify;\">\u00a0 \u00a0Los <a href=\"https:\/\/sobreaves.com\/?page_id=1088\">sentidos<\/a>, salvo la vista y el o\u00eddo, han sido una de las partes menos estudiadas de las aves. Muchas especies de aves tienen una <a href=\"https:\/\/sobreaves.com\/?page_id=1145\">visi\u00f3n<\/a> superior a la nuestra, de hecho, de todos los animales estudiados hasta ahora, incluida nuestra especie, la mayor agudeza visual se encuentra en rapaces como \u00e1guilas, buitres y halcones y el record de agudeza lo posee el \u00e1guila audaz (<em>Aquila audax<\/em>). Adem\u00e1s, un gran n\u00famero de aves ven m\u00e1s colores que los humanos ya que pueden captar la luz ultravioleta.<\/p>\n<figure id=\"attachment_1085\" aria-describedby=\"caption-attachment-1085\" style=\"width: 300px\" class=\"wp-caption alignnone\"><a href=\"https:\/\/sobreaves.com\/wp-content\/uploads\/2022\/04\/gaviota-patiamarillama12.jpg\"><img loading=\"lazy\" decoding=\"async\" class=\"size-medium wp-image-1085\" src=\"https:\/\/sobreaves.com\/wp-content\/uploads\/2022\/04\/gaviota-patiamarillama12-300x258.jpg\" alt=\"\" width=\"300\" height=\"258\" srcset=\"https:\/\/sobreaves.com\/wp-content\/uploads\/2022\/04\/gaviota-patiamarillama12-300x258.jpg 300w, https:\/\/sobreaves.com\/wp-content\/uploads\/2022\/04\/gaviota-patiamarillama12-1024x879.jpg 1024w, https:\/\/sobreaves.com\/wp-content\/uploads\/2022\/04\/gaviota-patiamarillama12-768x659.jpg 768w, https:\/\/sobreaves.com\/wp-content\/uploads\/2022\/04\/gaviota-patiamarillama12.jpg 1200w\" sizes=\"auto, (max-width: 300px) 100vw, 300px\" \/><\/a><figcaption id=\"caption-attachment-1085\" class=\"wp-caption-text\"><span style=\"color: #ff0000;\">Gaviota patiamarilla<\/span>\/<span style=\"color: #3366ff;\">Yellow-legged gull<\/span><br \/><strong><em>Larus michahellis<\/em><\/strong><\/figcaption><\/figure>\n<p style=\"text-align: justify;\">\u00a0 \u00a0Hasta hace muy poco tiempo, se consideraba que, salvo excepciones, las aves carec\u00edan de los sentidos del gusto, tacto y olfato o los ten\u00edan muy poco desarrollados y, en el caso del olfato esta creencia se mantuvo hasta finales del siglo XX. As\u00ed, el ornit\u00f3logo Jean Dorst escrib\u00eda en 1971 \u00ab\u2308&#8230;\u230b no es de ninguna utilidad en el aire, donde los olores se disipan r\u00e1pidamente. La ausencia o la regresi\u00f3n muy avanzada de este sentido constituye una diferencia esencial con los mam\u00edferos, que viven en un universo olfativo\u00bb.<\/p>\n<p>\u00a0 \u00a0Cuando se tratan los sentidos de las aves hay que tener en cuenta adem\u00e1s, el sentido magn\u00e9tico.<\/p>\n<p>&nbsp;<\/p>\n","protected":false},"excerpt":{"rendered":"<p>\u00a0\u00a0 Las aves son una clase de vertebrados que han colonizado el medio a\u00e9reo, para ello han desarrollado una serie de adaptaciones como es el tener las extremidades anteriores transformadas en alas, huesos huecos o la presencia de sacos a\u00e9reos en los pulmones que favorecen la ventilaci\u00f3n. \u00a0 \u00a0Al poseer un sistema circulatorio y respiratorio &hellip; <a href=\"https:\/\/sobreaves.com\/\" class=\"more-link\">Seguir leyendo <span class=\"screen-reader-text\">Introducci\u00f3n<\/span> <span class=\"meta-nav\">&rarr;<\/span><\/a><\/p>\n","protected":false},"author":2,"featured_media":0,"parent":0,"menu_order":0,"comment_status":"closed","ping_status":"closed","template":"","meta":{"footnotes":""},"class_list":["post-2","page","type-page","status-publish","hentry"],"_links":{"self":[{"href":"https:\/\/sobreaves.com\/index.php?rest_route=\/wp\/v2\/pages\/2","targetHints":{"allow":["GET"]}}],"collection":[{"href":"https:\/\/sobreaves.com\/index.php?rest_route=\/wp\/v2\/pages"}],"about":[{"href":"https:\/\/sobreaves.com\/index.php?rest_route=\/wp\/v2\/types\/page"}],"author":[{"embeddable":true,"href":"https:\/\/sobreaves.com\/index.php?rest_route=\/wp\/v2\/users\/2"}],"replies":[{"embeddable":true,"href":"https:\/\/sobreaves.com\/index.php?rest_route=%2Fwp%2Fv2%2Fcomments&post=2"}],"version-history":[{"count":101,"href":"https:\/\/sobreaves.com\/index.php?rest_route=\/wp\/v2\/pages\/2\/revisions"}],"predecessor-version":[{"id":1462,"href":"https:\/\/sobreaves.com\/index.php?rest_route=\/wp\/v2\/pages\/2\/revisions\/1462"}],"wp:attachment":[{"href":"https:\/\/sobreaves.com\/index.php?rest_route=%2Fwp%2Fv2%2Fmedia&parent=2"}],"curies":[{"name":"wp","href":"https:\/\/api.w.org\/{rel}","templated":true}]}}