{"id":26,"date":"2014-06-10T09:06:52","date_gmt":"2014-06-10T09:06:52","guid":{"rendered":"http:\/\/sobreaves.com\/?page_id=26"},"modified":"2024-12-26T12:13:48","modified_gmt":"2024-12-26T12:13:48","slug":"bibliografia","status":"publish","type":"page","link":"https:\/\/sobreaves.com\/?page_id=26","title":{"rendered":"Bibliograf\u00eda"},"content":{"rendered":"<p style=\"text-align: justify;\">B\u00c1GUENA, g. (2023). Casi nueve mil aves murieron en parques e\u00f3licos desde\u00a0 2020. <em>QUERCUS<\/em>\u00a0 453: 32-33.<\/p>\n<p style=\"text-align: justify;\">BERNIS CARRO, C., MORENO SOMARRIBA, A., y BERNIS MADRAZO, F. (1983) Aves. <em>Historia Natural Mar\u00edn<\/em>. Tomo 3. Ed. Mar\u00edn, S.A. Barcelona.<\/p>\n<p style=\"text-align: justify;\">BIRKHEAD, T. (2019) Los sentidos de las aves, qu\u00e9 se siente al ser un p\u00e1jaro. Capit\u00e1n Swing Libros, S.L. Madrid.<\/p>\n<p style=\"text-align: justify;\">DEVILLERS, C. y CLAIRAMBAULT, P. (1977). Vertebrados (Anatom\u00eda comparada).<em> Zoolog\u00eda<\/em>. Tomo 2. Toray-Masson, S.A. Barcelona.<\/p>\n<p style=\"text-align: justify;\">DORST, J. (1975). La vida de las aves (I). <em>Historia Natural Destino<\/em>. Tomo 12. Ediciones Destino. Barcelona.<\/p>\n<p style=\"text-align: justify;\">DORST, J. (1976). La vida de las aves (II). <em>Historia Natural Destino<\/em>. Tomo 13. Ediciones Destino. Barcelona.<\/p>\n<p style=\"text-align: justify;\">FERN\u00c1NDEZ \u00c1LVAREZ, R.C. La muda, un periodo cr\u00edtico para nuestras aves.\u00a0<em>Ornitolog\u00eda pr\u00e1ctica<\/em> 36: 52-55.<\/p>\n<p style=\"text-align: justify;\">GOLDSMITH, T.H. (2006). \u00bfQu\u00e9 ven las aves? <em>Investigaci\u00f3n y Ciencia<\/em> 360: 60-67.<\/p>\n<p style=\"text-align: justify;\">GONZ\u00c1LEZ, N. y BARBEITO C. (editores) (2014). Histolog\u00eda de las Aves. Editorial de la Universidad de la Plata. Buenos Aires. Argentina.<\/p>\n<p style=\"text-align: justify;\">G\u00dcNT\u00dcRKUN, O. (2000). Sensory Physiology Vision. <em>Avian Physiology.\u00a0<\/em> Editado por P.D. Sturkie. 5\u00aa Ed. Academic Press<\/p>\n<p style=\"text-align: justify;\">GUTI\u00c9RREZ TARRES, M.A. (1984). Organizaci\u00f3n de la capa plexiforme externa de la retina de las aves: fotorreceptores y c\u00e9lulas horizontales. Tesis doctoral. Facultad de Medicina. Universidad Complutense de Madrid.<\/p>\n<p style=\"text-align: justify;\">KIAMA, S,G,; MAINA, J.N.; BHATTACHARJEE, J.; MWANGI, D,K,; MACHARIA, R,G, y WEYRAUCH, K.D. (2006). The morphology of the pecten oculi of the ostrich, <em>Struthio camelus<\/em>.\u00a0 <em>Annals of Anatomy<\/em>. Vol 188, 519-528- https:\/\/doi.org\/j.aanat.2006.06.004.<\/p>\n<p style=\"text-align: justify;\">KORKMAZ, D.; G\u00dcROL BAYRAKTAROGLU, A. y ALTUNAY, H. (2017). The Histological Structure of the Pecten Oculi in the Ostrich (<em>Struthio camelus australis<\/em>) . <em>Van VetJ<\/em>, 2017, 28 (2) 101-105. https:\/\/www.reserachgate.net\/publication\/320487208<\/p>\n<p style=\"text-align: justify;\">KORKMAZ, D.; DEMIRCIOGLU, I.; HAREM, I. y YILMAZ, B. (2023). Macroiscopic and microscopic comparison of pecten oculi in different avian species. Anatomia Histologia Embryologia.\u00a0 DOI: 10.1111\/ahe.12927. https:\/\/www.reserachgate.net\/publication\/370263905<\/p>\n<p>LAND, M.F. y NILSSON, D. (2012). Animal Eyes.<em> Oxford Animal Biology Series<\/em>. 2\u00aa Ed. OXFORD UNIVERSITY PRESS<\/p>\n<p style=\"text-align: justify;\">LIND, O. ; MITKUS, M. ; OLSSON, P. y KELBER, A. (2013). Ultraviolet sensitivity and colour vision in raptor foraging. The Journal of Experimental Biology 216, 1819-1826, doi: 10.1242\/jeb.082834<\/p>\n<p style=\"text-align: justify;\">LLED\u00d3 DE VILLAR, M.L. (2010). Organizaci\u00f3n estructural y funcional de la retina del b\u00faho. Estudio comparado entre las aves de h\u00e1bito nocturno y diurno. Tesis doctoral. Facultad de Medicina. Universidad de Sevilla<\/p>\n<p style=\"text-align: justify;\">MARTIN, G.R. (2007). Visual fields and their function in birds. <em>Journal of Ornitology<\/em>. DOI: 10.1007\/s10336-007-0213-6<\/p>\n<p style=\"text-align: justify;\">MARTIN, G.R. (2009) What is binocular vision for? A bird\u00b4s eye view. <em>Journal of Vision<\/em>,\u00a0 9(11): 14, 1-19. http:\/\/journalvision.org\/9\/11\/14, doi: 10.1167\/9.11.14<\/p>\n<p style=\"text-align: justify;\">MARTIN G.R. (2017). What Drives Bird Vision? Bill control and Predator Detection Overshadow Flight. Front. Neurosci. 11:619. DOI: 10.3389\/fnins.2017.00619<\/p>\n<p style=\"text-align: justify;\">MARTIN, G.R.; PORTUGAL, S. y MURN, C.P. (2012). Visual fields, foraging and collision vulnerability in Gyps vultures. <em>Ibis<\/em>. DOI: 10.1111\/j.1474-919X.2012.01227.x<\/p>\n<p style=\"text-align: justify;\">MARTIN, G.R. (2021) Bird Senses. How and What Birds See, Hear, Smell, Tastye, and Feel. Pelagic Publishing. Exeter. UK.<\/p>\n<p>MARTIN, G.R. (2022). Avian vision, <em>Current Biology<\/em>. Vol 32. Tomo 20. Pags: R1079-R1085. https.\/\/doi.org\/10.1016\/j.cub.2022.06.065<\/p>\n<p style=\"text-align: justify;\">MASCELLI, G.G. (2020) Con un ojo abierto.<em> Investigaci\u00f3n y Ciencia<\/em>, 520: 64-69.<\/p>\n<p style=\"text-align: justify;\">McCOY, D.T., FEO, T., HARVEY, T.A. y PRUM, R.O. (2018). Structural absorption by barbule microstructures of super black bird paradise feathers . <em>Nature communications<\/em>, 9, 1, Pp 1<\/p>\n<p style=\"text-align: justify;\">McGRAW, K.J. (2006). Bird coloration: mechanisms and measurements. Vol. I. Harvard University Press. Cambridge, Massachusetts.<\/p>\n<p style=\"text-align: justify;\">McGRAW, K.J. y NOGARE, M.C. (2004). Carotenoid pigments and the selectivity of psittacofulvin-based coloration systems in parrots. <em>Comparative Biochemistry and Physiology<\/em> \u00a0138: 229-233.<\/p>\n<p style=\"text-align: justify;\">McGRAW, K.J. y NOGARE, M.C. (2005). Distribution of unique red feather pigments in parrots. <em>Biol. Lett.<\/em> 1(1): 38-43<\/p>\n<p style=\"text-align: justify;\">MEYER, D.B. (1986). The Avian Eye. <em>Avian Physiology<\/em>. Editado por P.D. Sturkie. 4\u00aa Ed. Kingsport Press, Kingsport, Tennessee.<\/p>\n<p style=\"text-align: justify;\">MICALI, A.; PISANI, A.; VENTRICI, C.; PUZZOLO, D.; ROSZKOWSKA, A.M.; SPINELLA, R. Y ARAGONA, P. (2012). Morphological and Morphometric Study of the Pecten Oculi in the Budgerigar (<em>Melopsittacus undulatus<\/em>). <em>The<\/em> <em>Anatomical Record<\/em> 295:540-550<\/p>\n<p style=\"text-align: justify;\">MITKUS, M.; OLSSON, P.; TOOMEY, M.B.; CORBO, J.C. y KELBER, A. (2017) Specielized photoreceptor composition in the raptor fovea. <em>The Journal of Comparative Neurology<\/em>. DOI: 10.1002\/cne.24190<\/p>\n<p style=\"text-align: justify;\">MITKUS, M.; POTIER, S.; MARTIN, G.R.; DURIEZ, O. y KELBER, A. (2018). Raptor Vision. <em>Oxford Research Encyclopedia.<\/em><\/p>\n<p style=\"text-align: justify;\">https:\/\/doi.org\/10.1093\/acrefore\/9780190264086.013.\u00a0 232<\/p>\n<p>ORHAN, I.\u00d6.; EKIM, O. y BAYRAKTAROGLU, A.G. (2010). Morphological investigation of the pecten oculi in Quail (<em>Coturnix coturnix japonica<\/em>), Ankara \u00dcniv Vet Fak Derg. <strong>58<\/strong>\u00a0 5-10. DOI: 10.1501\/Vetfak_0000002441<\/p>\n<p style=\"text-align: justify;\">ORR, R.T. (1978). Biolog\u00eda de los vertebrados. <em>Nueva Editorial Interamericana. <\/em>M\u00e9xico.<\/p>\n<p style=\"text-align: justify;\">P\u00c9REZ-RODR\u00cdGUEZ, L. (2010). Expresi\u00f3n y funci\u00f3n del color del plumaje. Primera parte. Melaninas. <em>Ornitolog\u00eda pr\u00e1ctica<\/em> 40: 46-53<\/p>\n<p style=\"text-align: justify;\">P\u00c9REZ-RODR\u00cdGUEZ, L. (2011) Expresi\u00f3n y funci\u00f3n del color del plumaje. Segunda parte. Carotenoides. A\u00f1adiendo tonos c\u00e1lidos al plumaje. <em>Ornitolog\u00eda pr\u00e1ctica<\/em> 42:50-57.<\/p>\n<p style=\"text-align: justify;\">P\u00c9REZ-RODR\u00cdGUEZ, L. (2011).CAROTENOIDES\u00a0 \u00a0Expresi\u00f3n y funci\u00f3n del color del plumaje. Tercera parte. Colores estructurales. <em>Ornitolog\u00eda pr\u00e1ctica<\/em> 47: 52-58.<\/p>\n<p style=\"text-align: justify;\">P\u00c9REZ-RODR\u00cdGUEZ, L.\u00a0 Expresi\u00f3n y funci\u00f3n del color del plumaje. Cuarta parte. Porfirinas y psitacofulvinas. <em>Ornitolog\u00eda pr\u00e1ctica<\/em>. 49: 54-59.<\/p>\n<p style=\"text-align: justify;\">PICCOLINO, M.\u00a0 (1988). <em>Cajal and the retina: a 100-year retrospective<\/em>. Trends in Neurosciences. TINS, Vol 11, N\u00aa 12 (126)<\/p>\n<p>POTIER, S.; MITKUS, M. y KELBER, A. (2020). Visual adaptation of diurnal and nocturnal raptors. Seminars in Cell and Developmental Biology. Volume 106. Pags. 116-126.<\/p>\n<p style=\"text-align: justify;\">POURLIS, A.F. (2013). Scanning Electron Microscopic Studies of the Pecten Oculi in the Quail (<em>Coturnix coturnix japonica<\/em>). <em>Anatomy<\/em> <em>Research Internationa<\/em>l. Https:\/\/dx.doi.org\/10.1155\/2013\/650601<\/p>\n<p style=\"text-align: justify;\">S\u00c1NCHEZ GUZM\u00c1N, J.M. 2004. Charrancito Com\u00fan, <em>Sterna<\/em> <em>albifrons<\/em>. En, A. Madro\u00f1o, C. Gonz\u00e1lez y J.C. Atienza (Eds): Libro Rojo de las Aves de Espa\u00f1a. Direcci\u00f3n General para la Biodiversidad-SEO\/BirdLife. Madrid.<\/p>\n<p style=\"text-align: justify;\">SOTO PI\u00d1EIRO, C. y BERT, E. (2011). Valoraci\u00f3n de las afectaciones al sistema visual de las aves. REDVET. Revista electr\u00f3nica de Veterinaria, Vol. 12, N\u00ba 1, pp. 1-41. Veterinaria Organizaci\u00f3n. M\u00e1laga, Espa\u00f1a. http:\/\/www.redalyc.org\/articulo.oa?id=63616932012<\/p>\n<p style=\"text-align: justify;\">TYRREL LP, FERN\u00c1NDEZ-JURICIC E (2017). Avian binocular vision: It\u00b4s not just about what birds can see. it\u00b4s also about what they can\u00b4t. PLOS ONE 12 (3): e0173235. doi:10.1371\/journal.pone.0173235<\/p>\n<p style=\"text-align: justify;\">WALDVOGEL, J.A. (1990). The Bird\u00b4s Eye View. <em>American Scientific<\/em> <em>Research Society<\/em>. Vol. 78, no 4 (July-August 1990), pp. 342\u00b4353. http:\/\/www.jstor.org\/stable\/29774120<\/p>\n<p style=\"text-align: justify;\">WEICHERT, C.K. (1976). <em>Anatom\u00eda de los cordados<\/em>. McGraw-Hill. M\u00e9xico.<\/p>\n<p style=\"text-align: justify;\">ZISWILER, V. (1980). Amniotas. <em>Zoolog\u00eda especial. Vertebrados. <\/em>Tomo 2. Ediciones Omega. Barcelona.<\/p>\n<p style=\"text-align: justify;\">\n","protected":false},"excerpt":{"rendered":"<p>B\u00c1GUENA, g. (2023). Casi nueve mil aves murieron en parques e\u00f3licos desde\u00a0 2020. QUERCUS\u00a0 453: 32-33. BERNIS CARRO, C., MORENO SOMARRIBA, A., y BERNIS MADRAZO, F. (1983) Aves. Historia Natural Mar\u00edn. Tomo 3. Ed. Mar\u00edn, S.A. Barcelona. BIRKHEAD, T. (2019) Los sentidos de las aves, qu\u00e9 se siente al ser un p\u00e1jaro. Capit\u00e1n Swing Libros, &hellip; <a href=\"https:\/\/sobreaves.com\/?page_id=26\" class=\"more-link\">Seguir leyendo <span class=\"screen-reader-text\">Bibliograf\u00eda<\/span> <span class=\"meta-nav\">&rarr;<\/span><\/a><\/p>\n","protected":false},"author":2,"featured_media":0,"parent":0,"menu_order":0,"comment_status":"open","ping_status":"open","template":"","meta":{"footnotes":""},"class_list":["post-26","page","type-page","status-publish","hentry"],"_links":{"self":[{"href":"https:\/\/sobreaves.com\/index.php?rest_route=\/wp\/v2\/pages\/26","targetHints":{"allow":["GET"]}}],"collection":[{"href":"https:\/\/sobreaves.com\/index.php?rest_route=\/wp\/v2\/pages"}],"about":[{"href":"https:\/\/sobreaves.com\/index.php?rest_route=\/wp\/v2\/types\/page"}],"author":[{"embeddable":true,"href":"https:\/\/sobreaves.com\/index.php?rest_route=\/wp\/v2\/users\/2"}],"replies":[{"embeddable":true,"href":"https:\/\/sobreaves.com\/index.php?rest_route=%2Fwp%2Fv2%2Fcomments&post=26"}],"version-history":[{"count":47,"href":"https:\/\/sobreaves.com\/index.php?rest_route=\/wp\/v2\/pages\/26\/revisions"}],"predecessor-version":[{"id":1355,"href":"https:\/\/sobreaves.com\/index.php?rest_route=\/wp\/v2\/pages\/26\/revisions\/1355"}],"wp:attachment":[{"href":"https:\/\/sobreaves.com\/index.php?rest_route=%2Fwp%2Fv2%2Fmedia&parent=26"}],"curies":[{"name":"wp","href":"https:\/\/api.w.org\/{rel}","templated":true}]}}