{"id":92,"date":"2014-07-10T09:13:23","date_gmt":"2014-07-10T09:13:23","guid":{"rendered":"http:\/\/sobreaves.com\/?page_id=92"},"modified":"2024-12-13T17:02:45","modified_gmt":"2024-12-13T17:02:45","slug":"el-pico","status":"publish","type":"page","link":"https:\/\/sobreaves.com\/?page_id=92","title":{"rendered":"El pico de las aves"},"content":{"rendered":"<p style=\"text-align: justify;\">\u00a0\u00a0 El pico de las aves est\u00e1 constituido por las mand\u00edbulas superior e inferior recubiertas por un estuche c\u00f3rneo llamado ranfoteca.<\/p>\n<p style=\"text-align: justify;\"><a href=\"http:\/\/sobreaves.com\/wp-content\/uploads\/2014\/07\/pico_gaviota_marca_agua_1_2.jpg\"><img loading=\"lazy\" decoding=\"async\" class=\"alignnone size-medium wp-image-339\" src=\"http:\/\/sobreaves.com\/wp-content\/uploads\/2014\/07\/pico_gaviota_marca_agua_1_2-300x196.jpg\" alt=\"pico_gaviota_marca_agua_1_2\" width=\"300\" height=\"196\" srcset=\"https:\/\/sobreaves.com\/wp-content\/uploads\/2014\/07\/pico_gaviota_marca_agua_1_2-300x196.jpg 300w, https:\/\/sobreaves.com\/wp-content\/uploads\/2014\/07\/pico_gaviota_marca_agua_1_2-1024x671.jpg 1024w, https:\/\/sobreaves.com\/wp-content\/uploads\/2014\/07\/pico_gaviota_marca_agua_1_2.jpg 1346w\" sizes=\"auto, (max-width: 300px) 100vw, 300px\" \/><\/a><\/p>\n<p style=\"text-align: justify;\">\u00a0\u00a0 Algunas aves, como las palomas, tienen una piel blanda en la base del pico llamada cera.<\/p>\n<p style=\"text-align: justify;\"><a href=\"http:\/\/sobreaves.com\/wp-content\/uploads\/2014\/07\/paloma_1_2_marca_agua.jpg\"><img loading=\"lazy\" decoding=\"async\" class=\"size-medium wp-image-343 aligncenter\" src=\"http:\/\/sobreaves.com\/wp-content\/uploads\/2014\/07\/paloma_1_2_marca_agua-300x235.jpg\" alt=\"paloma_1_2_marca_agua\" width=\"300\" height=\"235\" srcset=\"https:\/\/sobreaves.com\/wp-content\/uploads\/2014\/07\/paloma_1_2_marca_agua-300x235.jpg 300w, https:\/\/sobreaves.com\/wp-content\/uploads\/2014\/07\/paloma_1_2_marca_agua-1024x802.jpg 1024w, https:\/\/sobreaves.com\/wp-content\/uploads\/2014\/07\/paloma_1_2_marca_agua.jpg 1400w\" sizes=\"auto, (max-width: 300px) 100vw, 300px\" \/><\/a><\/p>\n<figure id=\"attachment_395\" aria-describedby=\"caption-attachment-395\" style=\"width: 300px\" class=\"wp-caption alignleft\"><a href=\"http:\/\/sobreaves.com\/wp-content\/uploads\/2014\/07\/Oca_1_ma.jpg\"><img loading=\"lazy\" decoding=\"async\" class=\"size-medium wp-image-395\" src=\"http:\/\/sobreaves.com\/wp-content\/uploads\/2014\/07\/Oca_1_ma-300x240.jpg\" alt=\"Ganso dom\u00e9stico, oca\/Domestic geese Anser anser domesticus\" width=\"300\" height=\"240\" srcset=\"https:\/\/sobreaves.com\/wp-content\/uploads\/2014\/07\/Oca_1_ma-300x240.jpg 300w, https:\/\/sobreaves.com\/wp-content\/uploads\/2014\/07\/Oca_1_ma.jpg 1000w\" sizes=\"auto, (max-width: 300px) 100vw, 300px\" \/><\/a><figcaption id=\"caption-attachment-395\" class=\"wp-caption-text\"><span style=\"color: #ff0000;\">Ganso dom\u00e9stico, oca<\/span>\/<span style=\"color: #0000ff;\">Goose<\/span><br \/><strong><em>Anser anser domesticus<\/em><\/strong><\/figcaption><\/figure>\n<p style=\"text-align: justify;\">\u00a0 \u00a0En muchos casos, la forma del pico est\u00e1 adaptada al tipo de dieta. As\u00ed, los picos filtradores est\u00e1n provistos de l\u00e1minas c\u00f3rneas (<em>lamellae<\/em>) para filtrar el agua y atrapar el alimento.<\/p>\n<p style=\"text-align: justify;\">\u00a0Aunque los Anseriformes tienen <em>lamellae<\/em> no todos son filtradores as\u00ed algunos, como los gansos, se nutren a base de plantas.<\/p>\n<p style=\"text-align: justify;\">\u00a0\u00a0 Otros, como el \u00e1nade azul\u00f3n, aunque es filtrador puede tomar otro tipo de alimento.<\/p>\n<figure id=\"attachment_397\" aria-describedby=\"caption-attachment-397\" style=\"width: 300px\" class=\"wp-caption alignnone\"><a href=\"http:\/\/sobreaves.com\/wp-content\/uploads\/2014\/07\/Pato_azul\u00f3n_1_ma.jpg\"><img loading=\"lazy\" decoding=\"async\" class=\"size-medium wp-image-397\" src=\"http:\/\/sobreaves.com\/wp-content\/uploads\/2014\/07\/Pato_azul\u00f3n_1_ma-300x207.jpg\" alt=\"\u00c1nade azul\u00f3n\/Mallard Anas Platyrhynchos\" width=\"300\" height=\"207\" srcset=\"https:\/\/sobreaves.com\/wp-content\/uploads\/2014\/07\/Pato_azul\u00f3n_1_ma-300x207.jpg 300w, https:\/\/sobreaves.com\/wp-content\/uploads\/2014\/07\/Pato_azul\u00f3n_1_ma.jpg 1000w\" sizes=\"auto, (max-width: 300px) 100vw, 300px\" \/><\/a><figcaption id=\"caption-attachment-397\" class=\"wp-caption-text\"><span style=\"color: #ff0000;\">\u00c1nade azul\u00f3n<\/span>\/<span style=\"color: #3366ff;\">Mallard<\/span><br \/><strong><em>Anas Platyrhynchos<\/em><\/strong><\/figcaption><\/figure>\n<p style=\"text-align: justify;\">\u00a0\u00a0 El pico filtrador de los flamencos describe una curva que le permite apoyarlo en el fondo y extraer del agua con barro, invertebrados y algas.<\/p>\n<div id='gallery-1' class='gallery galleryid-92 gallery-columns-3 gallery-size-thumbnail'><figure class='gallery-item'>\n\t\t\t<div class='gallery-icon portrait'>\n\t\t\t\t<a href='https:\/\/sobreaves.com\/?attachment_id=427'><img loading=\"lazy\" decoding=\"async\" width=\"150\" height=\"150\" src=\"https:\/\/sobreaves.com\/wp-content\/uploads\/2014\/07\/Flamencos_12_ma-150x150.jpg\" class=\"attachment-thumbnail size-thumbnail\" alt=\"\" \/><\/a>\n\t\t\t<\/div><\/figure><figure class='gallery-item'>\n\t\t\t<div class='gallery-icon landscape'>\n\t\t\t\t<a href='https:\/\/sobreaves.com\/?attachment_id=426'><img loading=\"lazy\" decoding=\"async\" width=\"150\" height=\"150\" src=\"https:\/\/sobreaves.com\/wp-content\/uploads\/2014\/07\/Flamenco_1_ma-150x150.jpg\" class=\"attachment-thumbnail size-thumbnail\" alt=\"\" aria-describedby=\"gallery-1-426\" \/><\/a>\n\t\t\t<\/div>\n\t\t\t\t<figcaption class='wp-caption-text gallery-caption' id='gallery-1-426'>\n\t\t\t\tFlamenco com\u00fan\/Greater flamingo\n(Phoenicopterus roseus)\n\t\t\t\t<\/figcaption><\/figure>\n\t\t<\/div>\n\n<p><a href=\"http:\/\/sobreaves.com\/wp-content\/uploads\/2014\/07\/Pico_flamenco_1_ma.jpg\"><img loading=\"lazy\" decoding=\"async\" class=\"alignnone size-medium wp-image-449\" src=\"http:\/\/sobreaves.com\/wp-content\/uploads\/2014\/07\/Pico_flamenco_1_ma-300x233.jpg\" alt=\"Pico de flamenco joven\" width=\"300\" height=\"233\" srcset=\"https:\/\/sobreaves.com\/wp-content\/uploads\/2014\/07\/Pico_flamenco_1_ma-300x233.jpg 300w, https:\/\/sobreaves.com\/wp-content\/uploads\/2014\/07\/Pico_flamenco_1_ma.jpg 1000w\" sizes=\"auto, (max-width: 300px) 100vw, 300px\" \/><\/a><\/p>\n<p>&nbsp;<\/p>\n<p>Las aves pescadoras tienen\u00a0el pico alargado.<\/p>\n<figure id=\"attachment_429\" aria-describedby=\"caption-attachment-429\" style=\"width: 300px\" class=\"wp-caption aligncenter\"><a href=\"http:\/\/sobreaves.com\/wp-content\/uploads\/2014\/07\/garceta_com\u00fan_1_ma.jpg\"><img loading=\"lazy\" decoding=\"async\" class=\"size-medium wp-image-429\" src=\"http:\/\/sobreaves.com\/wp-content\/uploads\/2014\/07\/garceta_com\u00fan_1_ma-300x233.jpg\" alt=\"Garceta com\u00fan\/Little egret Egretta garzetta\" width=\"300\" height=\"233\" srcset=\"https:\/\/sobreaves.com\/wp-content\/uploads\/2014\/07\/garceta_com\u00fan_1_ma-300x233.jpg 300w, https:\/\/sobreaves.com\/wp-content\/uploads\/2014\/07\/garceta_com\u00fan_1_ma.jpg 1000w\" sizes=\"auto, (max-width: 300px) 100vw, 300px\" \/><\/a><figcaption id=\"caption-attachment-429\" class=\"wp-caption-text\"><span style=\"color: #ff0000;\">Garceta com\u00fan<\/span>\/<span style=\"color: #3366ff;\">Little Egret<\/span><br \/><strong><em>Egretta garzetta<\/em><\/strong><\/figcaption><\/figure>\n<p style=\"text-align: justify;\">\u00a0\u00a0 El pico alargado tambi\u00e9n lo tienen las aves lim\u00edcolas que viven en los humedales. Lo introducen en el fango para extraer invertebrados.<\/p>\n<div id='gallery-2' class='gallery galleryid-92 gallery-columns-3 gallery-size-thumbnail'><figure class='gallery-item'>\n\t\t\t<div class='gallery-icon landscape'>\n\t\t\t\t<a href='https:\/\/sobreaves.com\/?attachment_id=145'><img loading=\"lazy\" decoding=\"async\" width=\"150\" height=\"150\" src=\"https:\/\/sobreaves.com\/wp-content\/uploads\/2014\/07\/alimentaci\u00f3n_correlimos_1-150x150.jpg\" class=\"attachment-thumbnail size-thumbnail\" alt=\"\" \/><\/a>\n\t\t\t<\/div><\/figure><figure class='gallery-item'>\n\t\t\t<div class='gallery-icon landscape'>\n\t\t\t\t<a href='https:\/\/sobreaves.com\/?attachment_id=146'><img loading=\"lazy\" decoding=\"async\" width=\"150\" height=\"150\" src=\"https:\/\/sobreaves.com\/wp-content\/uploads\/2014\/07\/alimentaci\u00f3n_correlimos_1_2-150x150.jpg\" class=\"attachment-thumbnail size-thumbnail\" alt=\"\" aria-describedby=\"gallery-2-146\" \/><\/a>\n\t\t\t<\/div>\n\t\t\t\t<figcaption class='wp-caption-text gallery-caption' id='gallery-2-146'>\n\t\t\t\tCorrelimos com\u00fan\/Dunlin\/ Calidris alpina\n\t\t\t\t<\/figcaption><\/figure>\n\t\t<\/div>\n\n<p style=\"text-align: justify;\">\u00a0 \u00a0El pico corto, c\u00f3nico y fuerte, es caracter\u00edstico de las aves gran\u00edvoras para\u00a0descortezar las semillas.<\/p>\n<figure id=\"attachment_413\" aria-describedby=\"caption-attachment-413\" style=\"width: 300px\" class=\"wp-caption aligncenter\"><a href=\"http:\/\/sobreaves.com\/wp-content\/uploads\/2014\/07\/gorri\u00f3n_1_ma.jpg\"><img loading=\"lazy\" decoding=\"async\" class=\" wp-image-413\" src=\"http:\/\/sobreaves.com\/wp-content\/uploads\/2014\/07\/gorri\u00f3n_1_ma-300x207.jpg\" alt=\"Gorri\u00f3n com\u00fan\/House sparrow Passer domesticus\" width=\"300\" height=\"207\" srcset=\"https:\/\/sobreaves.com\/wp-content\/uploads\/2014\/07\/gorri\u00f3n_1_ma-300x207.jpg 300w, https:\/\/sobreaves.com\/wp-content\/uploads\/2014\/07\/gorri\u00f3n_1_ma.jpg 1000w\" sizes=\"auto, (max-width: 300px) 100vw, 300px\" \/><\/a><figcaption id=\"caption-attachment-413\" class=\"wp-caption-text\"><span style=\"color: #ff0000;\">Gorri\u00f3n com\u00fan<\/span>\/<span style=\"color: #3366ff;\">House Sparrow<\/span><br \/><em><strong>Passer domesticus<\/strong><\/em><\/figcaption><\/figure>\n<p style=\"text-align: justify;\">\u00a0 \u00a0Las rapaces desgarran la carne gracias a su pico ganchudo.<\/p>\n<figure id=\"attachment_151\" aria-describedby=\"caption-attachment-151\" style=\"width: 300px\" class=\"wp-caption aligncenter\"><a href=\"http:\/\/sobreaves.com\/wp-content\/uploads\/2014\/07\/cern\u00edcalo-vulgar_1.jpg\"><img loading=\"lazy\" decoding=\"async\" class=\"size-medium wp-image-151\" src=\"http:\/\/sobreaves.com\/wp-content\/uploads\/2014\/07\/cern\u00edcalo-vulgar_1-300x180.jpg\" alt=\"Cern\u00edcalo vulgar\/Common kestrel (Falco tinnunculus)\" width=\"300\" height=\"180\" srcset=\"https:\/\/sobreaves.com\/wp-content\/uploads\/2014\/07\/cern\u00edcalo-vulgar_1-300x180.jpg 300w, https:\/\/sobreaves.com\/wp-content\/uploads\/2014\/07\/cern\u00edcalo-vulgar_1.jpg 1000w\" sizes=\"auto, (max-width: 300px) 100vw, 300px\" \/><\/a><figcaption id=\"caption-attachment-151\" class=\"wp-caption-text\"><span style=\"color: #ff0000;\">Cern\u00edcalo vulgar<\/span>\/<span style=\"color: #3366ff;\">Common Kestrel<\/span> \/<strong><em>Falco tinnunculus<\/em><\/strong><\/figcaption><\/figure>\n<p style=\"text-align: justify;\">\u00a0 \u00a0Las aves insect\u00edvoras que se alimentan mientras vuelan tienen el pico corto y ancho.<\/p>\n<figure id=\"attachment_158\" aria-describedby=\"caption-attachment-158\" style=\"width: 269px\" class=\"wp-caption alignnone\"><a href=\"http:\/\/sobreaves.com\/wp-content\/uploads\/2014\/07\/pico_golondrina_1.jpg\"><img loading=\"lazy\" decoding=\"async\" class=\"size-medium wp-image-158\" src=\"http:\/\/sobreaves.com\/wp-content\/uploads\/2014\/07\/pico_golondrina_1-269x300.jpg\" alt=\"Golondrina com\u00fan\/Barn swallow (Hirundo rustica)\" width=\"269\" height=\"300\" srcset=\"https:\/\/sobreaves.com\/wp-content\/uploads\/2014\/07\/pico_golondrina_1-269x300.jpg 269w, https:\/\/sobreaves.com\/wp-content\/uploads\/2014\/07\/pico_golondrina_1-919x1024.jpg 919w, https:\/\/sobreaves.com\/wp-content\/uploads\/2014\/07\/pico_golondrina_1.jpg 1000w\" sizes=\"auto, (max-width: 269px) 100vw, 269px\" \/><\/a><figcaption id=\"caption-attachment-158\" class=\"wp-caption-text\"><span style=\"color: #ff0000;\">Golondrina com\u00fan<\/span>\/<span style=\"color: #3366ff;\">Barn Swallow<\/span> \/<strong><em>Hirundo rustica<\/em><\/strong><\/figcaption><\/figure>\n<p><a href=\"http:\/\/sobreaves.com\/wp-content\/uploads\/2014\/07\/pico_deforme_12_ma.jpg\"><img loading=\"lazy\" decoding=\"async\" class=\"size-medium wp-image-739 alignright\" src=\"http:\/\/sobreaves.com\/wp-content\/uploads\/2014\/07\/pico_deforme_12_ma-300x205.jpg\" alt=\"\" width=\"300\" height=\"205\" srcset=\"https:\/\/sobreaves.com\/wp-content\/uploads\/2014\/07\/pico_deforme_12_ma-300x205.jpg 300w, https:\/\/sobreaves.com\/wp-content\/uploads\/2014\/07\/pico_deforme_12_ma-768x524.jpg 768w, https:\/\/sobreaves.com\/wp-content\/uploads\/2014\/07\/pico_deforme_12_ma-1024x699.jpg 1024w, https:\/\/sobreaves.com\/wp-content\/uploads\/2014\/07\/pico_deforme_12_ma.jpg 1200w\" sizes=\"auto, (max-width: 300px) 100vw, 300px\" \/><\/a><\/p>\n<p style=\"text-align: justify;\">\u00a0 \u00a0No siempre observamos en la naturaleza picos perfectos.<\/p>\n<p>&nbsp;<\/p>\n<p>&nbsp;<\/p>\n","protected":false},"excerpt":{"rendered":"<p>\u00a0\u00a0 El pico de las aves est\u00e1 constituido por las mand\u00edbulas superior e inferior recubiertas por un estuche c\u00f3rneo llamado ranfoteca. \u00a0\u00a0 Algunas aves, como las palomas, tienen una piel blanda en la base del pico llamada cera. \u00a0 \u00a0En muchos casos, la forma del pico est\u00e1 adaptada al tipo de dieta. As\u00ed, los picos &hellip; <a href=\"https:\/\/sobreaves.com\/?page_id=92\" class=\"more-link\">Seguir leyendo <span class=\"screen-reader-text\">El pico de las aves<\/span> <span class=\"meta-nav\">&rarr;<\/span><\/a><\/p>\n","protected":false},"author":2,"featured_media":0,"parent":0,"menu_order":0,"comment_status":"open","ping_status":"open","template":"","meta":{"footnotes":""},"class_list":["post-92","page","type-page","status-publish","hentry"],"_links":{"self":[{"href":"https:\/\/sobreaves.com\/index.php?rest_route=\/wp\/v2\/pages\/92","targetHints":{"allow":["GET"]}}],"collection":[{"href":"https:\/\/sobreaves.com\/index.php?rest_route=\/wp\/v2\/pages"}],"about":[{"href":"https:\/\/sobreaves.com\/index.php?rest_route=\/wp\/v2\/types\/page"}],"author":[{"embeddable":true,"href":"https:\/\/sobreaves.com\/index.php?rest_route=\/wp\/v2\/users\/2"}],"replies":[{"embeddable":true,"href":"https:\/\/sobreaves.com\/index.php?rest_route=%2Fwp%2Fv2%2Fcomments&post=92"}],"version-history":[{"count":54,"href":"https:\/\/sobreaves.com\/index.php?rest_route=\/wp\/v2\/pages\/92\/revisions"}],"predecessor-version":[{"id":1346,"href":"https:\/\/sobreaves.com\/index.php?rest_route=\/wp\/v2\/pages\/92\/revisions\/1346"}],"wp:attachment":[{"href":"https:\/\/sobreaves.com\/index.php?rest_route=%2Fwp%2Fv2%2Fmedia&parent=92"}],"curies":[{"name":"wp","href":"https:\/\/api.w.org\/{rel}","templated":true}]}}